{"id":7153,"date":"2024-09-24T12:25:02","date_gmt":"2024-09-24T11:25:02","guid":{"rendered":"https:\/\/invest351.com\/?post_type=product&#038;p=7153"},"modified":"2024-09-24T12:29:57","modified_gmt":"2024-09-24T11:29:57","slug":"evaluation-des-biens-2","status":"publish","type":"product","link":"https:\/\/invest351.com\/fr\/produto\/certificacao-energetica\/","title":{"rendered":"Certification \u00e9nerg\u00e9tique"},"content":{"rendered":"","protected":false},"excerpt":{"rendered":"<p>Nous r\u00e9alisons des certificats \u00e9nerg\u00e9tiques, conform\u00e9ment \u00e0 la l\u00e9gislation en vigueur, pour la vente ou la location de biens immobiliers.<\/p>\n<ul>\n<li>Certification de l'efficacit\u00e9 \u00e9nerg\u00e9tique<\/li>\n<li><span class=\"elementor-icon-list-text\">Techniciens qualifi\u00e9s<\/span><\/li>\n<li><span class=\"elementor-icon-list-text\">Respect de la r\u00e9glementation en vigueur<\/span><\/li>\n<\/ul>","protected":false},"featured_media":5987,"template":"","meta":{"_joinchat":[]},"product_brand":[],"product_cat":[36],"product_tag":[],"class_list":{"0":"post-7153","1":"product","2":"type-product","3":"status-publish","4":"has-post-thumbnail","6":"product_cat-servicos","8":"first","9":"onbackorder","10":"shipping-taxable","11":"product-type-simple"},"yoast_head":"<!-- This site is optimized with the Yoast SEO plugin v27.4 - https:\/\/yoast.com\/product\/yoast-seo-wordpress\/ -->\n<title>Certifica\u00e7\u00e3o Energ\u00e9tica - Invest 351<\/title>\n<meta name=\"robots\" content=\"index, follow, max-snippet:-1, max-image-preview:large, max-video-preview:-1\" \/>\n<link rel=\"canonical\" href=\"https:\/\/invest351.com\/fr\/produit\/evaluation-des-biens-2\/\" \/>\n<meta property=\"og:locale\" content=\"fr_FR\" \/>\n<meta property=\"og:type\" content=\"article\" \/>\n<meta property=\"og:title\" content=\"Certifica\u00e7\u00e3o Energ\u00e9tica - Invest 351\" \/>\n<meta property=\"og:description\" content=\"Executamos Certificados Energ\u00e9ticos, de acordo com a legisla\u00e7\u00e3o em vigor, para venda ou arrendamento de im\u00f3veis.   Certifica\u00e7\u00e3o da efici\u00eancia energ\u00e9tica  T\u00e9cnicos qualificados  Conformidade com a regulamenta\u00e7\u00e3o em vigor\" \/>\n<meta property=\"og:url\" content=\"https:\/\/invest351.com\/fr\/produit\/evaluation-des-biens-2\/\" \/>\n<meta property=\"og:site_name\" content=\"Invest 351\" \/>\n<meta property=\"article:modified_time\" content=\"2024-09-24T11:29:57+00:00\" \/>\n<meta property=\"og:image\" content=\"https:\/\/invest351.com\/wp-content\/uploads\/2024\/05\/Certificados-Energeticos.png\" \/>\n\t<meta property=\"og:image:width\" content=\"1080\" \/>\n\t<meta property=\"og:image:height\" content=\"1080\" \/>\n\t<meta property=\"og:image:type\" content=\"image\/png\" \/>\n<meta name=\"twitter:card\" content=\"summary_large_image\" \/>\n<meta name=\"twitter:label1\" content=\"Dur\u00e9e de lecture estim\u00e9e\" \/>\n\t<meta name=\"twitter:data1\" content=\"1 minute\" \/>\n<script type=\"application\/ld+json\" class=\"yoast-schema-graph\">{\"@context\":\"https:\\\/\\\/schema.org\",\"@graph\":[{\"@type\":\"WebPage\",\"@id\":\"https:\\\/\\\/invest351.com\\\/produto\\\/certificacao-energetica\\\/\",\"url\":\"https:\\\/\\\/invest351.com\\\/produto\\\/certificacao-energetica\\\/\",\"name\":\"Certifica\u00e7\u00e3o Energ\u00e9tica - Invest 351\",\"isPartOf\":{\"@id\":\"https:\\\/\\\/invest351.com\\\/#website\"},\"primaryImageOfPage\":{\"@id\":\"https:\\\/\\\/invest351.com\\\/produto\\\/certificacao-energetica\\\/#primaryimage\"},\"image\":{\"@id\":\"https:\\\/\\\/invest351.com\\\/produto\\\/certificacao-energetica\\\/#primaryimage\"},\"thumbnailUrl\":\"https:\\\/\\\/invest351.com\\\/wp-content\\\/uploads\\\/2024\\\/05\\\/Certificados-Energeticos.png\",\"datePublished\":\"2024-09-24T11:25:02+00:00\",\"dateModified\":\"2024-09-24T11:29:57+00:00\",\"breadcrumb\":{\"@id\":\"https:\\\/\\\/invest351.com\\\/produto\\\/certificacao-energetica\\\/#breadcrumb\"},\"inLanguage\":\"fr-FR\",\"potentialAction\":[{\"@type\":\"ReadAction\",\"target\":[\"https:\\\/\\\/invest351.com\\\/produto\\\/certificacao-energetica\\\/\"]}]},{\"@type\":\"ImageObject\",\"inLanguage\":\"fr-FR\",\"@id\":\"https:\\\/\\\/invest351.com\\\/produto\\\/certificacao-energetica\\\/#primaryimage\",\"url\":\"https:\\\/\\\/invest351.com\\\/wp-content\\\/uploads\\\/2024\\\/05\\\/Certificados-Energeticos.png\",\"contentUrl\":\"https:\\\/\\\/invest351.com\\\/wp-content\\\/uploads\\\/2024\\\/05\\\/Certificados-Energeticos.png\",\"width\":1080,\"height\":1080,\"caption\":\"Certificados Energeticos\"},{\"@type\":\"BreadcrumbList\",\"@id\":\"https:\\\/\\\/invest351.com\\\/produto\\\/certificacao-energetica\\\/#breadcrumb\",\"itemListElement\":[{\"@type\":\"ListItem\",\"position\":1,\"name\":\"In\u00edcio\",\"item\":\"https:\\\/\\\/invest351.com\\\/\"},{\"@type\":\"ListItem\",\"position\":2,\"name\":\"Loja\",\"item\":\"https:\\\/\\\/invest351.com\\\/loja\\\/\"},{\"@type\":\"ListItem\",\"position\":3,\"name\":\"Certifica\u00e7\u00e3o Energ\u00e9tica\"}]},{\"@type\":\"WebSite\",\"@id\":\"https:\\\/\\\/invest351.com\\\/#website\",\"url\":\"https:\\\/\\\/invest351.com\\\/\",\"name\":\"Invest 351\",\"description\":\"Consultora especializada em investimento imobili\u00e1rio\",\"publisher\":{\"@id\":\"https:\\\/\\\/invest351.com\\\/#organization\"},\"potentialAction\":[{\"@type\":\"SearchAction\",\"target\":{\"@type\":\"EntryPoint\",\"urlTemplate\":\"https:\\\/\\\/invest351.com\\\/?s={search_term_string}\"},\"query-input\":{\"@type\":\"PropertyValueSpecification\",\"valueRequired\":true,\"valueName\":\"search_term_string\"}}],\"inLanguage\":\"fr-FR\"},{\"@type\":\"Organization\",\"@id\":\"https:\\\/\\\/invest351.com\\\/#organization\",\"name\":\"Invest 351\",\"url\":\"https:\\\/\\\/invest351.com\\\/\",\"logo\":{\"@type\":\"ImageObject\",\"inLanguage\":\"fr-FR\",\"@id\":\"https:\\\/\\\/invest351.com\\\/#\\\/schema\\\/logo\\\/image\\\/\",\"url\":\"https:\\\/\\\/invest351.com\\\/wp-content\\\/uploads\\\/2023\\\/01\\\/Invest351-black.png\",\"contentUrl\":\"https:\\\/\\\/invest351.com\\\/wp-content\\\/uploads\\\/2023\\\/01\\\/Invest351-black.png\",\"width\":1355,\"height\":265,\"caption\":\"Invest 351\"},\"image\":{\"@id\":\"https:\\\/\\\/invest351.com\\\/#\\\/schema\\\/logo\\\/image\\\/\"}}]}<\/script>\n<!-- \/ Yoast SEO plugin. -->","yoast_head_json":{"title":"Certification \u00e9nerg\u00e9tique - Invest 351","robots":{"index":"index","follow":"follow","max-snippet":"max-snippet:-1","max-image-preview":"max-image-preview:large","max-video-preview":"max-video-preview:-1"},"canonical":"https:\/\/invest351.com\/fr\/produit\/evaluation-des-biens-2\/","og_locale":"fr_FR","og_type":"article","og_title":"Certifica\u00e7\u00e3o Energ\u00e9tica - Invest 351","og_description":"Executamos Certificados Energ\u00e9ticos, de acordo com a legisla\u00e7\u00e3o em vigor, para venda ou arrendamento de im\u00f3veis.   Certifica\u00e7\u00e3o da efici\u00eancia energ\u00e9tica  T\u00e9cnicos qualificados  Conformidade com a regulamenta\u00e7\u00e3o em vigor","og_url":"https:\/\/invest351.com\/fr\/produit\/evaluation-des-biens-2\/","og_site_name":"Invest 351","article_modified_time":"2024-09-24T11:29:57+00:00","og_image":[{"width":1080,"height":1080,"url":"https:\/\/invest351.com\/wp-content\/uploads\/2024\/05\/Certificados-Energeticos.png","type":"image\/png"}],"twitter_card":"summary_large_image","twitter_misc":{"Dur\u00e9e de lecture estim\u00e9e":"1 minute"},"schema":{"@context":"https:\/\/schema.org","@graph":[{"@type":"WebPage","@id":"https:\/\/invest351.com\/produto\/certificacao-energetica\/","url":"https:\/\/invest351.com\/produto\/certificacao-energetica\/","name":"Certification \u00e9nerg\u00e9tique - Invest 351","isPartOf":{"@id":"https:\/\/invest351.com\/#website"},"primaryImageOfPage":{"@id":"https:\/\/invest351.com\/produto\/certificacao-energetica\/#primaryimage"},"image":{"@id":"https:\/\/invest351.com\/produto\/certificacao-energetica\/#primaryimage"},"thumbnailUrl":"https:\/\/invest351.com\/wp-content\/uploads\/2024\/05\/Certificados-Energeticos.png","datePublished":"2024-09-24T11:25:02+00:00","dateModified":"2024-09-24T11:29:57+00:00","breadcrumb":{"@id":"https:\/\/invest351.com\/produto\/certificacao-energetica\/#breadcrumb"},"inLanguage":"fr-FR","potentialAction":[{"@type":"ReadAction","target":["https:\/\/invest351.com\/produto\/certificacao-energetica\/"]}]},{"@type":"ImageObject","inLanguage":"fr-FR","@id":"https:\/\/invest351.com\/produto\/certificacao-energetica\/#primaryimage","url":"https:\/\/invest351.com\/wp-content\/uploads\/2024\/05\/Certificados-Energeticos.png","contentUrl":"https:\/\/invest351.com\/wp-content\/uploads\/2024\/05\/Certificados-Energeticos.png","width":1080,"height":1080,"caption":"Certificados Energeticos"},{"@type":"BreadcrumbList","@id":"https:\/\/invest351.com\/produto\/certificacao-energetica\/#breadcrumb","itemListElement":[{"@type":"ListItem","position":1,"name":"In\u00edcio","item":"https:\/\/invest351.com\/"},{"@type":"ListItem","position":2,"name":"Loja","item":"https:\/\/invest351.com\/loja\/"},{"@type":"ListItem","position":3,"name":"Certifica\u00e7\u00e3o Energ\u00e9tica"}]},{"@type":"WebSite","@id":"https:\/\/invest351.com\/#website","url":"https:\/\/invest351.com\/","name":"Investir 351","description":"Consultant sp\u00e9cialis\u00e9 dans l'investissement immobilier","publisher":{"@id":"https:\/\/invest351.com\/#organization"},"potentialAction":[{"@type":"SearchAction","target":{"@type":"EntryPoint","urlTemplate":"https:\/\/invest351.com\/?s={search_term_string}"},"query-input":{"@type":"PropertyValueSpecification","valueRequired":true,"valueName":"search_term_string"}}],"inLanguage":"fr-FR"},{"@type":"Organization","@id":"https:\/\/invest351.com\/#organization","name":"Investir 351","url":"https:\/\/invest351.com\/","logo":{"@type":"ImageObject","inLanguage":"fr-FR","@id":"https:\/\/invest351.com\/#\/schema\/logo\/image\/","url":"https:\/\/invest351.com\/wp-content\/uploads\/2023\/01\/Invest351-black.png","contentUrl":"https:\/\/invest351.com\/wp-content\/uploads\/2023\/01\/Invest351-black.png","width":1355,"height":265,"caption":"Invest 351"},"image":{"@id":"https:\/\/invest351.com\/#\/schema\/logo\/image\/"}}]}},"_links":{"self":[{"href":"https:\/\/invest351.com\/fr\/wp-json\/wp\/v2\/product\/7153","targetHints":{"allow":["GET"]}}],"collection":[{"href":"https:\/\/invest351.com\/fr\/wp-json\/wp\/v2\/product"}],"about":[{"href":"https:\/\/invest351.com\/fr\/wp-json\/wp\/v2\/types\/product"}],"version-history":[{"count":2,"href":"https:\/\/invest351.com\/fr\/wp-json\/wp\/v2\/product\/7153\/revisions"}],"predecessor-version":[{"id":7155,"href":"https:\/\/invest351.com\/fr\/wp-json\/wp\/v2\/product\/7153\/revisions\/7155"}],"wp:featuredmedia":[{"embeddable":true,"href":"https:\/\/invest351.com\/fr\/wp-json\/wp\/v2\/media\/5987"}],"wp:attachment":[{"href":"https:\/\/invest351.com\/fr\/wp-json\/wp\/v2\/media?parent=7153"}],"wp:term":[{"taxonomy":"product_brand","embeddable":true,"href":"https:\/\/invest351.com\/fr\/wp-json\/wp\/v2\/product_brand?post=7153"},{"taxonomy":"product_cat","embeddable":true,"href":"https:\/\/invest351.com\/fr\/wp-json\/wp\/v2\/product_cat?post=7153"},{"taxonomy":"product_tag","embeddable":true,"href":"https:\/\/invest351.com\/fr\/wp-json\/wp\/v2\/product_tag?post=7153"}],"curies":[{"name":"wp","href":"https:\/\/api.w.org\/{rel}","templated":true}]}}