{"id":5612,"date":"2024-03-05T21:24:33","date_gmt":"2024-03-05T21:24:33","guid":{"rendered":"https:\/\/invest351.com\/?post_type=product&#038;p=5612"},"modified":"2024-09-24T12:24:49","modified_gmt":"2024-09-24T11:24:49","slug":"evaluation-des-biens","status":"publish","type":"product","link":"https:\/\/invest351.com\/fr\/produto\/avaliacao-imobiliaria\/","title":{"rendered":"\u00c9valuation des biens"},"content":{"rendered":"","protected":false},"excerpt":{"rendered":"<p>L'\u00e9valuation des biens immobiliers repose sur l'estimation des valeurs, le partage des biens dans le cadre d'une succession, l'achat ou la vente d'un bien immobilier, le financement (hypoth\u00e8que) de l'achat ou de la construction d'un bien immobilier, l'\u00e9tude \u00e9conomique et financi\u00e8re d'un projet d'investissement, le calcul des indemnit\u00e9s d'expropriation et la d\u00e9termination des valeurs fiscales, etc.<\/p>","protected":false},"featured_media":3845,"template":"","meta":{"_joinchat":[]},"product_brand":[],"product_cat":[36],"product_tag":[],"class_list":{"0":"post-5612","1":"product","2":"type-product","3":"status-publish","4":"has-post-thumbnail","6":"product_cat-servicos","8":"first","9":"onbackorder","10":"shipping-taxable","11":"product-type-simple"},"yoast_head":"<!-- This site is optimized with the Yoast SEO plugin v27.4 - https:\/\/yoast.com\/product\/yoast-seo-wordpress\/ -->\n<title>Avalia\u00e7\u00e3o Imobili\u00e1ria - Invest 351<\/title>\n<meta name=\"robots\" content=\"index, follow, max-snippet:-1, max-image-preview:large, max-video-preview:-1\" \/>\n<link rel=\"canonical\" href=\"https:\/\/invest351.com\/fr\/produit\/evaluation-des-biens\/\" \/>\n<meta property=\"og:locale\" content=\"fr_FR\" \/>\n<meta property=\"og:type\" content=\"article\" \/>\n<meta property=\"og:title\" content=\"Avalia\u00e7\u00e3o Imobili\u00e1ria - Invest 351\" \/>\n<meta property=\"og:description\" content=\"A\u00a0avalia\u00e7\u00e3o da propriedade imobili\u00e1ria\u00a0tem como base uma estimativa de valores, a partilha de bens de uma heran\u00e7a, a compra ou venda de im\u00f3veis, o financiamento (hipoteca\/hipotec\u00e1rio) na compra ou constru\u00e7\u00e3o de um im\u00f3vel, o estudo econ\u00f3mico e financeiro de um projeto de investimento, c\u00e1lculo de indemniza\u00e7\u00e3o por expropria\u00e7\u00e3o e a determina\u00e7\u00e3o de valores para efeitos fiscais, etc.\" \/>\n<meta property=\"og:url\" content=\"https:\/\/invest351.com\/fr\/produit\/evaluation-des-biens\/\" \/>\n<meta property=\"og:site_name\" content=\"Invest 351\" \/>\n<meta property=\"article:modified_time\" content=\"2024-09-24T11:24:49+00:00\" \/>\n<meta property=\"og:image\" content=\"https:\/\/invest351.com\/wp-content\/uploads\/2022\/11\/VALORIZAC\u0327A\u0303O-DE-IMOVE\u0301IS-newETAPA-4.jpg\" \/>\n\t<meta property=\"og:image:width\" content=\"1000\" \/>\n\t<meta property=\"og:image:height\" content=\"1000\" \/>\n\t<meta property=\"og:image:type\" content=\"image\/jpeg\" \/>\n<meta name=\"twitter:card\" content=\"summary_large_image\" \/>\n<meta name=\"twitter:label1\" content=\"Dur\u00e9e de lecture estim\u00e9e\" \/>\n\t<meta name=\"twitter:data1\" content=\"1 minute\" \/>\n<script type=\"application\/ld+json\" class=\"yoast-schema-graph\">{\"@context\":\"https:\\\/\\\/schema.org\",\"@graph\":[{\"@type\":\"WebPage\",\"@id\":\"https:\\\/\\\/invest351.com\\\/fr\\\/produit\\\/evaluation-des-biens\\\/\",\"url\":\"https:\\\/\\\/invest351.com\\\/fr\\\/produit\\\/evaluation-des-biens\\\/\",\"name\":\"Avalia\u00e7\u00e3o Imobili\u00e1ria - Invest 351\",\"isPartOf\":{\"@id\":\"https:\\\/\\\/invest351.com\\\/#website\"},\"primaryImageOfPage\":{\"@id\":\"https:\\\/\\\/invest351.com\\\/fr\\\/produit\\\/evaluation-des-biens\\\/#primaryimage\"},\"image\":{\"@id\":\"https:\\\/\\\/invest351.com\\\/fr\\\/produit\\\/evaluation-des-biens\\\/#primaryimage\"},\"thumbnailUrl\":\"https:\\\/\\\/invest351.com\\\/wp-content\\\/uploads\\\/2022\\\/11\\\/VALORIZAC\u0327A\u0303O-DE-IMOVE\u0301IS-newETAPA-4.jpg\",\"datePublished\":\"2024-03-05T21:24:33+00:00\",\"dateModified\":\"2024-09-24T11:24:49+00:00\",\"breadcrumb\":{\"@id\":\"https:\\\/\\\/invest351.com\\\/fr\\\/produit\\\/evaluation-des-biens\\\/#breadcrumb\"},\"inLanguage\":\"fr-FR\",\"potentialAction\":[{\"@type\":\"ReadAction\",\"target\":[\"https:\\\/\\\/invest351.com\\\/fr\\\/produit\\\/evaluation-des-biens\\\/\"]}]},{\"@type\":\"ImageObject\",\"inLanguage\":\"fr-FR\",\"@id\":\"https:\\\/\\\/invest351.com\\\/fr\\\/produit\\\/evaluation-des-biens\\\/#primaryimage\",\"url\":\"https:\\\/\\\/invest351.com\\\/wp-content\\\/uploads\\\/2022\\\/11\\\/VALORIZAC\u0327A\u0303O-DE-IMOVE\u0301IS-newETAPA-4.jpg\",\"contentUrl\":\"https:\\\/\\\/invest351.com\\\/wp-content\\\/uploads\\\/2022\\\/11\\\/VALORIZAC\u0327A\u0303O-DE-IMOVE\u0301IS-newETAPA-4.jpg\",\"width\":1000,\"height\":1000},{\"@type\":\"BreadcrumbList\",\"@id\":\"https:\\\/\\\/invest351.com\\\/fr\\\/produit\\\/evaluation-des-biens\\\/#breadcrumb\",\"itemListElement\":[{\"@type\":\"ListItem\",\"position\":1,\"name\":\"In\u00edcio\",\"item\":\"https:\\\/\\\/invest351.com\\\/\"},{\"@type\":\"ListItem\",\"position\":2,\"name\":\"Loja\",\"item\":\"https:\\\/\\\/invest351.com\\\/loja\\\/\"},{\"@type\":\"ListItem\",\"position\":3,\"name\":\"Avalia\u00e7\u00e3o Imobili\u00e1ria\"}]},{\"@type\":\"WebSite\",\"@id\":\"https:\\\/\\\/invest351.com\\\/#website\",\"url\":\"https:\\\/\\\/invest351.com\\\/\",\"name\":\"Invest 351\",\"description\":\"Consultora especializada em investimento imobili\u00e1rio\",\"publisher\":{\"@id\":\"https:\\\/\\\/invest351.com\\\/#organization\"},\"potentialAction\":[{\"@type\":\"SearchAction\",\"target\":{\"@type\":\"EntryPoint\",\"urlTemplate\":\"https:\\\/\\\/invest351.com\\\/?s={search_term_string}\"},\"query-input\":{\"@type\":\"PropertyValueSpecification\",\"valueRequired\":true,\"valueName\":\"search_term_string\"}}],\"inLanguage\":\"fr-FR\"},{\"@type\":\"Organization\",\"@id\":\"https:\\\/\\\/invest351.com\\\/#organization\",\"name\":\"Invest 351\",\"url\":\"https:\\\/\\\/invest351.com\\\/\",\"logo\":{\"@type\":\"ImageObject\",\"inLanguage\":\"fr-FR\",\"@id\":\"https:\\\/\\\/invest351.com\\\/#\\\/schema\\\/logo\\\/image\\\/\",\"url\":\"https:\\\/\\\/invest351.com\\\/wp-content\\\/uploads\\\/2023\\\/01\\\/Invest351-black.png\",\"contentUrl\":\"https:\\\/\\\/invest351.com\\\/wp-content\\\/uploads\\\/2023\\\/01\\\/Invest351-black.png\",\"width\":1355,\"height\":265,\"caption\":\"Invest 351\"},\"image\":{\"@id\":\"https:\\\/\\\/invest351.com\\\/#\\\/schema\\\/logo\\\/image\\\/\"}}]}<\/script>\n<!-- \/ Yoast SEO plugin. -->","yoast_head_json":{"title":"\u00c9valuation des biens immobiliers - Invest 351","robots":{"index":"index","follow":"follow","max-snippet":"max-snippet:-1","max-image-preview":"max-image-preview:large","max-video-preview":"max-video-preview:-1"},"canonical":"https:\/\/invest351.com\/fr\/produit\/evaluation-des-biens\/","og_locale":"fr_FR","og_type":"article","og_title":"Avalia\u00e7\u00e3o Imobili\u00e1ria - Invest 351","og_description":"A\u00a0avalia\u00e7\u00e3o da propriedade imobili\u00e1ria\u00a0tem como base uma estimativa de valores, a partilha de bens de uma heran\u00e7a, a compra ou venda de im\u00f3veis, o financiamento (hipoteca\/hipotec\u00e1rio) na compra ou constru\u00e7\u00e3o de um im\u00f3vel, o estudo econ\u00f3mico e financeiro de um projeto de investimento, c\u00e1lculo de indemniza\u00e7\u00e3o por expropria\u00e7\u00e3o e a determina\u00e7\u00e3o de valores para efeitos fiscais, etc.","og_url":"https:\/\/invest351.com\/fr\/produit\/evaluation-des-biens\/","og_site_name":"Invest 351","article_modified_time":"2024-09-24T11:24:49+00:00","og_image":[{"width":1000,"height":1000,"url":"https:\/\/invest351.com\/wp-content\/uploads\/2022\/11\/VALORIZAC\u0327A\u0303O-DE-IMOVE\u0301IS-newETAPA-4.jpg","type":"image\/jpeg"}],"twitter_card":"summary_large_image","twitter_misc":{"Dur\u00e9e de lecture estim\u00e9e":"1 minute"},"schema":{"@context":"https:\/\/schema.org","@graph":[{"@type":"WebPage","@id":"https:\/\/invest351.com\/fr\/produit\/evaluation-des-biens\/","url":"https:\/\/invest351.com\/fr\/produit\/evaluation-des-biens\/","name":"\u00c9valuation des biens immobiliers - Invest 351","isPartOf":{"@id":"https:\/\/invest351.com\/#website"},"primaryImageOfPage":{"@id":"https:\/\/invest351.com\/fr\/produit\/evaluation-des-biens\/#primaryimage"},"image":{"@id":"https:\/\/invest351.com\/fr\/produit\/evaluation-des-biens\/#primaryimage"},"thumbnailUrl":"https:\/\/invest351.com\/wp-content\/uploads\/2022\/11\/VALORIZAC\u0327A\u0303O-DE-IMOVE\u0301IS-newETAPA-4.jpg","datePublished":"2024-03-05T21:24:33+00:00","dateModified":"2024-09-24T11:24:49+00:00","breadcrumb":{"@id":"https:\/\/invest351.com\/fr\/produit\/evaluation-des-biens\/#breadcrumb"},"inLanguage":"fr-FR","potentialAction":[{"@type":"ReadAction","target":["https:\/\/invest351.com\/fr\/produit\/evaluation-des-biens\/"]}]},{"@type":"ImageObject","inLanguage":"fr-FR","@id":"https:\/\/invest351.com\/fr\/produit\/evaluation-des-biens\/#primaryimage","url":"https:\/\/invest351.com\/wp-content\/uploads\/2022\/11\/VALORIZAC\u0327A\u0303O-DE-IMOVE\u0301IS-newETAPA-4.jpg","contentUrl":"https:\/\/invest351.com\/wp-content\/uploads\/2022\/11\/VALORIZAC\u0327A\u0303O-DE-IMOVE\u0301IS-newETAPA-4.jpg","width":1000,"height":1000},{"@type":"BreadcrumbList","@id":"https:\/\/invest351.com\/fr\/produit\/evaluation-des-biens\/#breadcrumb","itemListElement":[{"@type":"ListItem","position":1,"name":"In\u00edcio","item":"https:\/\/invest351.com\/"},{"@type":"ListItem","position":2,"name":"Loja","item":"https:\/\/invest351.com\/loja\/"},{"@type":"ListItem","position":3,"name":"Avalia\u00e7\u00e3o Imobili\u00e1ria"}]},{"@type":"WebSite","@id":"https:\/\/invest351.com\/#website","url":"https:\/\/invest351.com\/","name":"Investir 351","description":"Consultant sp\u00e9cialis\u00e9 dans l'investissement immobilier","publisher":{"@id":"https:\/\/invest351.com\/#organization"},"potentialAction":[{"@type":"SearchAction","target":{"@type":"EntryPoint","urlTemplate":"https:\/\/invest351.com\/?s={search_term_string}"},"query-input":{"@type":"PropertyValueSpecification","valueRequired":true,"valueName":"search_term_string"}}],"inLanguage":"fr-FR"},{"@type":"Organization","@id":"https:\/\/invest351.com\/#organization","name":"Investir 351","url":"https:\/\/invest351.com\/","logo":{"@type":"ImageObject","inLanguage":"fr-FR","@id":"https:\/\/invest351.com\/#\/schema\/logo\/image\/","url":"https:\/\/invest351.com\/wp-content\/uploads\/2023\/01\/Invest351-black.png","contentUrl":"https:\/\/invest351.com\/wp-content\/uploads\/2023\/01\/Invest351-black.png","width":1355,"height":265,"caption":"Invest 351"},"image":{"@id":"https:\/\/invest351.com\/#\/schema\/logo\/image\/"}}]}},"_links":{"self":[{"href":"https:\/\/invest351.com\/fr\/wp-json\/wp\/v2\/product\/5612","targetHints":{"allow":["GET"]}}],"collection":[{"href":"https:\/\/invest351.com\/fr\/wp-json\/wp\/v2\/product"}],"about":[{"href":"https:\/\/invest351.com\/fr\/wp-json\/wp\/v2\/types\/product"}],"version-history":[{"count":2,"href":"https:\/\/invest351.com\/fr\/wp-json\/wp\/v2\/product\/5612\/revisions"}],"predecessor-version":[{"id":5707,"href":"https:\/\/invest351.com\/fr\/wp-json\/wp\/v2\/product\/5612\/revisions\/5707"}],"wp:featuredmedia":[{"embeddable":true,"href":"https:\/\/invest351.com\/fr\/wp-json\/wp\/v2\/media\/3845"}],"wp:attachment":[{"href":"https:\/\/invest351.com\/fr\/wp-json\/wp\/v2\/media?parent=5612"}],"wp:term":[{"taxonomy":"product_brand","embeddable":true,"href":"https:\/\/invest351.com\/fr\/wp-json\/wp\/v2\/product_brand?post=5612"},{"taxonomy":"product_cat","embeddable":true,"href":"https:\/\/invest351.com\/fr\/wp-json\/wp\/v2\/product_cat?post=5612"},{"taxonomy":"product_tag","embeddable":true,"href":"https:\/\/invest351.com\/fr\/wp-json\/wp\/v2\/product_tag?post=5612"}],"curies":[{"name":"wp","href":"https:\/\/api.w.org\/{rel}","templated":true}]}}