{"id":3260,"date":"2022-07-21T16:02:44","date_gmt":"2022-07-21T16:02:44","guid":{"rendered":"https:\/\/invest351.com\/?page_id=3260"},"modified":"2022-11-28T10:50:47","modified_gmt":"2022-11-28T10:50:47","slug":"politica-de-privacidad","status":"publish","type":"page","link":"https:\/\/invest351.com\/es\/politica-privacidade\/","title":{"rendered":"Pol\u00edtica de privacidad"},"content":{"rendered":"\t\t<div data-elementor-type=\"wp-page\" data-elementor-id=\"3260\" class=\"elementor elementor-3260\" data-elementor-post-type=\"page\">\n\t\t\t\t\t\t<section class=\"elementor-section elementor-top-section elementor-element elementor-element-85bda67 elementor-section-boxed elementor-section-height-default elementor-section-height-default\" data-id=\"85bda67\" data-element_type=\"section\" data-e-type=\"section\">\n\t\t\t\t\t\t<div class=\"elementor-container elementor-column-gap-default\">\n\t\t\t\t\t<div class=\"elementor-column elementor-col-100 elementor-top-column elementor-element elementor-element-5c45997\" data-id=\"5c45997\" data-element_type=\"column\" data-e-type=\"column\">\n\t\t\t<div class=\"elementor-widget-wrap elementor-element-populated\">\n\t\t\t\t\t\t<div class=\"elementor-element elementor-element-4750aa7 elementor-widget elementor-widget-shortcode\" data-id=\"4750aa7\" data-element_type=\"widget\" data-e-type=\"widget\" data-widget_type=\"shortcode.default\">\n\t\t\t\t<div class=\"elementor-widget-container\">\n\t\t\t\t\t\t\t<div class=\"elementor-shortcode\">\n\t\t\t\t<p class=\"rs-p-wp-fix\"><\/p>\n\t\t\t\t<sr7-module data-alias=\"ken-burns-hero1\" data-id=\"178\" id=\"SR7_178_1\" data-version=\"6.7.52\">\n\t\t\t\t\t<sr7-adjuster><\/sr7-adjuster>\n\t\t\t\t\t<sr7-content>\n\t\t\t\t\t\t<sr7-slide id=\"SR7_178_1-63\" data-key=\"63\">\n\t\t\t\t\t\t\t<sr7-bg id=\"SR7_178_1-63-slidebg\" class=\"sr7-layer\"><noscript><img decoding=\"async\" src=\"https:\/\/invest351.com\/wp-content\/uploads\/2022\/09\/Capa-contactos2.jpg\" alt=\"\" title=\"Capa-contactos2\"><\/noscript><\/sr7-bg>\n\t\t\t\t\t\t\t<sr7-txt id=\"SR7_178_1-63-4\" class=\"sr7-layer\">Contacte-Nos<\/sr7-txt>\n\t\t\t\t\t\t<\/sr7-slide>\n\t\t\t\t\t\t<sr7-slide id=\"SR7_178_1-204\" data-key=\"204\">\n\t\t\t\t\t\t<\/sr7-slide>\n\t\t\t\t\t<\/sr7-content>\n\t\t\t\t<\/sr7-module>\n\t\t\t\t<script>\n\t\t\t\t\twindow.SR7 ??={};SR7.PMH ??={}; SR7.PMH[\"SR7_178_1\"] = {cn:100,state:false,fn: function() { if (window._tpt!==undefined && window._tpt.prepareModuleHeight !== undefined) {  _tpt.prepareModuleHeight({id:\"SR7_178_1\",el:[630,570,472,352],type:'hero',shdw:'0',gh:[630,570,472,352],gw:[1240,1024,778,480],vpt:['-200px'],size:{fullWidth:true, fullHeight:false},mh:'0',onh:0,onw:0,bg:{color:'transparent'},plType:'7',plColor:'#ffffff'});   SR7.PMH[\"SR7_178_1\"].state=true;} else if(SR7.PMH[\"SR7_178_1\"].cn-->0)\tsetTimeout( SR7.PMH[\"SR7_178_1\"].fn,19);}};SR7.PMH[\"SR7_178_1\" ].fn();\n\t\t\t\t<\/script>\n<\/div>\n\t\t\t\t\t\t<\/div>\n\t\t\t\t<\/div>\n\t\t\t\t\t<\/div>\n\t\t<\/div>\n\t\t\t\t\t<\/div>\n\t\t<\/section>\n\t\t\t\t<section class=\"elementor-section elementor-top-section elementor-element elementor-element-e2eb990 elementor-section-boxed elementor-section-height-default elementor-section-height-default\" data-id=\"e2eb990\" data-element_type=\"section\" data-e-type=\"section\">\n\t\t\t\t\t\t<div class=\"elementor-container elementor-column-gap-default\">\n\t\t\t\t\t<div class=\"elementor-column elementor-col-100 elementor-top-column elementor-element elementor-element-6d0fb12\" data-id=\"6d0fb12\" data-element_type=\"column\" data-e-type=\"column\">\n\t\t\t<div class=\"elementor-widget-wrap elementor-element-populated\">\n\t\t\t\t\t\t<div class=\"elementor-element elementor-element-6e2a717 elementor-widget elementor-widget-spacer\" data-id=\"6e2a717\" data-element_type=\"widget\" data-e-type=\"widget\" data-widget_type=\"spacer.default\">\n\t\t\t\t<div class=\"elementor-widget-container\">\n\t\t\t\t\t\t\t<div class=\"elementor-spacer\">\n\t\t\t<div class=\"elementor-spacer-inner\"><\/div>\n\t\t<\/div>\n\t\t\t\t\t\t<\/div>\n\t\t\t\t<\/div>\n\t\t\t\t<div class=\"elementor-element elementor-element-5d27734 elementor-widget elementor-widget-heading\" data-id=\"5d27734\" data-element_type=\"widget\" data-e-type=\"widget\" data-widget_type=\"heading.default\">\n\t\t\t\t<div class=\"elementor-widget-container\">\n\t\t\t\t\t<h2 class=\"elementor-heading-title elementor-size-default\">Pol\u00edtica de Privacidade<\/h2>\t\t\t\t<\/div>\n\t\t\t\t<\/div>\n\t\t\t\t<div class=\"elementor-element elementor-element-8c2d920 elementor-widget elementor-widget-text-editor\" data-id=\"8c2d920\" data-element_type=\"widget\" data-e-type=\"widget\" data-widget_type=\"text-editor.default\">\n\t\t\t\t<div class=\"elementor-widget-container\">\n\t\t\t\t\t\t\t\t\t<p>Quando acede ao website de Invest351 est\u00e1 a aceitar os termos expostos e as regras gerais de privacidade e tratamento dos seus dados pessoais, que recolhemos e tratamos no cumprimento da Lei de Prote\u00e7\u00e3o de Dados Pessoais.<\/p>\n<p>Todos os direitos de autor, copyright, marca registada e outros aplic\u00e1veis ou utilizados no presente Website \u00e9 propriedade de Vieira &amp; Barreira, Lda. , com sede na Av. da Boavista, n\u00ba 3523, 5\u00ba Andar, Sala 501, 4100-139 Porto \u2013 Portugal, e est\u00e3o protegidos por direitos de autor. Todos os direitos que n\u00e3o sejam expressamente concedidos pelo presente conte\u00fado s\u00e3o direitos reservados.<\/p>\n<p>O presente Website \u00e9 para uso pessoal e n\u00e3o comercial do utilizador. \u00c9 proibida a c\u00f3pia, altera\u00e7\u00e3o, distribui\u00e7\u00e3o, transmiss\u00e3o, exibi\u00e7\u00e3o, reprodu\u00e7\u00e3o, publica\u00e7\u00e3o, transfer\u00eancia ou venda de quaisquer informa\u00e7\u00f5es, produtos ou servi\u00e7os obtidos atrav\u00e9s do mesmo.<\/p>\n<p>Em caso algum Invest351 poder\u00e1 ser responsabilizado, direta ou indiretamente, por qualquer dano resultante ou de qualquer forma relacionado com o uso do nosso Website.<\/p>\n<p>Invest351 n\u00e3o garante que as suas p\u00e1ginas na Web n\u00e3o ser\u00e3o interrompidas ou que n\u00e3o ter\u00e3o erros.<\/p>\n<p>A Invest351 reserva-se o direito de inserir, alterar e remover, sem aviso pr\u00e9vio e seja qual for a causa, qualquer informa\u00e7\u00e3o presente no Website. O utilizador \u00e9 respons\u00e1vel por rever o conte\u00fado sempre que consultar ou reservar viagens atrav\u00e9s do mesmo.<\/p>\n<p>Para facilitar a sua acessibilidade, Invest351 pode incluir links para sites na Internet que sejam propriedade ou operados por terceiros, aceitando assim, as regras da Pol\u00edtica de Privacidade deste. Para al\u00e9m disso, um link para um site que n\u00e3o seja de Invest351 n\u00e3o significa que Invest351 apoie o site ou os produtos e servi\u00e7os a\u00ed referenciados.<\/p>\n<p>A recolha de dados pessoais do utilizador poder\u00e1 ser efetuada via Internet (no pr\u00f3prio site), telefone ou atrav\u00e9s de impressos e ser\u00e3o processados automaticamente, nos termos aprovados pela Comiss\u00e3o Nacional de Prote\u00e7\u00e3o de Dados de Portugal. Toda a recolha de dados operar\u00e1 de acordo com as mais estritas regras de seguran\u00e7a.<\/p>\n<p>Nenhuma entidade externa a Invest351 tem acesso ou pode consultar estes dados pessoais.<\/p>\n<p>Todos os colaboradores da entidade respons\u00e1vel pelo tratamento de dados pessoais est\u00e3o abrangidos por um dever de sigilo e confidencialidade relativamente aos dados que tenham acesso no \u00e2mbito das opera\u00e7\u00f5es de introdu\u00e7\u00e3o de dados na respetiva base inform\u00e1tica, estando devidamente informados da import\u00e2ncia do cumprimento desse dever legal de sigilo sendo-lhes exigida a correspondente responsabilidade.<\/p>\n<p>O utilizador aceita que a Invest351 forne\u00e7a a terceiros informa\u00e7\u00e3o relativa a h\u00e1bitos, usos e costumes dos clientes enquanto informa\u00e7\u00e3o estat\u00edstica, unicamente para estabelecimento de parcerias, n\u00e3o incluindo a identidade ou caracter\u00edsticas de qualquer utilizador em particular.<\/p>\n<p>O tratamento dos dados pessoais \u00e9 necess\u00e1rio para a finalidade do envio de comunica\u00e7\u00f5es que pretendem dar-lhe a conhecer novidades, promo\u00e7\u00f5es, campanhas e outras oportunidades de que poder\u00e1 beneficiar. Est\u00e1 inclu\u00eddo: marketing e desenvolvimento da gest\u00e3o, e comunica\u00e7\u00e3o de ofertas gerais e personalizadas, por parte da Invest351 e de outras empresas parceiras.<\/p>\n<p>Como dados pessoais entende-se qualquer informa\u00e7\u00e3o relativa a uma pessoa singular identificada ou identific\u00e1vel (\u00e9 considerada identific\u00e1vel uma pessoa singular que possa ser identificada, direta ou indiretamente, em especial por refer\u00eancia a um identificador).<\/p>\n<p>Invest351 n\u00e3o faz tratamento de dados pessoais que revelem a origem racial ou \u00e9tnica, as opini\u00f5es pol\u00edticas, as convic\u00e7\u00f5es religiosas ou filos\u00f3ficas e a filia\u00e7\u00e3o sindical, bem como dados gen\u00e9ticos ou dados relativos \u00e0 sa\u00fade ou \u00e0 vida sexual.<\/p>\n<p>Os dados pessoais do utilizador s\u00e3o conservados por Invest351 apenas pelo per\u00edodo estritamente necess\u00e1rio \u00e0s finalidades acima mencionadas, exceto quando haja obriga\u00e7\u00f5es de reten\u00e7\u00e3o estatut\u00e1rias de acordo com a legisla\u00e7\u00e3o aplic\u00e1vel (tais como direito fiscal ou comercial) que obriguem a manuten\u00e7\u00e3o dos seus dados pessoais por per\u00edodo superior.<\/p>\n<p>De acordo com a lei de prote\u00e7\u00e3o de dados aplic\u00e1vel, o utilizador pode exercer os seus direitos de acesso, retifica\u00e7\u00e3o ou apagamento dos seus dados pessoais, restri\u00e7\u00e3o de tratamento, direito de oposi\u00e7\u00e3o ao tratamento e direito \u00e0 portabilidade dos seus dados, atrav\u00e9s de solicita\u00e7\u00e3o escrita para o endere\u00e7o eletr\u00f3nico info@invest351.com.<br><\/p>\n<p>A par do contacto acima mencionado, o utilizador ter\u00e1 sempre o direito de apresentar o seu pedido ou reclama\u00e7\u00e3o \u00e0 autoridade de controlo, atualmente a Comiss\u00e3o Nacional de Prote\u00e7\u00e3o de Dados (CNPD).<\/p>\t\t\t\t\t\t\t\t<\/div>\n\t\t\t\t<\/div>\n\t\t\t\t<div class=\"elementor-element elementor-element-5871834 elementor-widget elementor-widget-spacer\" data-id=\"5871834\" data-element_type=\"widget\" data-e-type=\"widget\" data-widget_type=\"spacer.default\">\n\t\t\t\t<div class=\"elementor-widget-container\">\n\t\t\t\t\t\t\t<div class=\"elementor-spacer\">\n\t\t\t<div class=\"elementor-spacer-inner\"><\/div>\n\t\t<\/div>\n\t\t\t\t\t\t<\/div>\n\t\t\t\t<\/div>\n\t\t\t\t\t<\/div>\n\t\t<\/div>\n\t\t\t\t\t<\/div>\n\t\t<\/section>\n\t\t\t\t<\/div>\n\t\t","protected":false},"excerpt":{"rendered":"<p>Pol\u00edtica de Privacidade Quando acede ao website de Invest351 est\u00e1 a aceitar os termos expostos e as regras gerais de privacidade e tratamento dos seus dados pessoais, que recolhemos e tratamos no cumprimento da Lei de Prote\u00e7\u00e3o de Dados Pessoais. Todos os direitos de autor, copyright, marca registada e outros aplic\u00e1veis ou utilizados no presente [&hellip;]<\/p>\n","protected":false},"author":2,"featured_media":0,"parent":0,"menu_order":0,"comment_status":"closed","ping_status":"closed","template":"elementor_header_footer","meta":{"_joinchat":[],"footnotes":""},"class_list":["post-3260","page","type-page","status-publish","hentry"],"yoast_head":"<!-- This site is optimized with the Yoast SEO plugin v27.4 - https:\/\/yoast.com\/product\/yoast-seo-wordpress\/ -->\n<title>Pol\u00edtica de Privacidade - Invest 351<\/title>\n<meta name=\"robots\" content=\"index, follow, max-snippet:-1, max-image-preview:large, max-video-preview:-1\" \/>\n<link rel=\"canonical\" href=\"https:\/\/invest351.com\/es\/politica-de-privacidad\/\" \/>\n<meta property=\"og:locale\" content=\"es_ES\" \/>\n<meta property=\"og:type\" content=\"article\" \/>\n<meta property=\"og:title\" content=\"Pol\u00edtica de Privacidade - Invest 351\" \/>\n<meta property=\"og:description\" content=\"Pol\u00edtica de Privacidade Quando acede ao website de Invest351 est\u00e1 a aceitar os termos expostos e as regras gerais de privacidade e tratamento dos seus dados pessoais, que recolhemos e tratamos no cumprimento da Lei de Prote\u00e7\u00e3o de Dados Pessoais. Todos os direitos de autor, copyright, marca registada e outros aplic\u00e1veis ou utilizados no presente [&hellip;]\" \/>\n<meta property=\"og:url\" content=\"https:\/\/invest351.com\/es\/politica-de-privacidad\/\" \/>\n<meta property=\"og:site_name\" content=\"Invest 351\" \/>\n<meta property=\"article:modified_time\" content=\"2022-11-28T10:50:47+00:00\" \/>\n<meta name=\"twitter:card\" content=\"summary_large_image\" \/>\n<meta name=\"twitter:label1\" content=\"Tiempo de lectura\" \/>\n\t<meta name=\"twitter:data1\" content=\"4 minutos\" \/>\n<script type=\"application\/ld+json\" class=\"yoast-schema-graph\">{\"@context\":\"https:\\\/\\\/schema.org\",\"@graph\":[{\"@type\":\"WebPage\",\"@id\":\"https:\\\/\\\/invest351.com\\\/politica-privacidade\\\/\",\"url\":\"https:\\\/\\\/invest351.com\\\/politica-privacidade\\\/\",\"name\":\"Pol\u00edtica de Privacidade - Invest 351\",\"isPartOf\":{\"@id\":\"https:\\\/\\\/invest351.com\\\/#website\"},\"datePublished\":\"2022-07-21T16:02:44+00:00\",\"dateModified\":\"2022-11-28T10:50:47+00:00\",\"breadcrumb\":{\"@id\":\"https:\\\/\\\/invest351.com\\\/politica-privacidade\\\/#breadcrumb\"},\"inLanguage\":\"es\",\"potentialAction\":[{\"@type\":\"ReadAction\",\"target\":[\"https:\\\/\\\/invest351.com\\\/politica-privacidade\\\/\"]}]},{\"@type\":\"BreadcrumbList\",\"@id\":\"https:\\\/\\\/invest351.com\\\/politica-privacidade\\\/#breadcrumb\",\"itemListElement\":[{\"@type\":\"ListItem\",\"position\":1,\"name\":\"In\u00edcio\",\"item\":\"https:\\\/\\\/invest351.com\\\/\"},{\"@type\":\"ListItem\",\"position\":2,\"name\":\"Pol\u00edtica de Privacidade\"}]},{\"@type\":\"WebSite\",\"@id\":\"https:\\\/\\\/invest351.com\\\/#website\",\"url\":\"https:\\\/\\\/invest351.com\\\/\",\"name\":\"Invest 351\",\"description\":\"Consultora especializada em investimento imobili\u00e1rio\",\"publisher\":{\"@id\":\"https:\\\/\\\/invest351.com\\\/#organization\"},\"potentialAction\":[{\"@type\":\"SearchAction\",\"target\":{\"@type\":\"EntryPoint\",\"urlTemplate\":\"https:\\\/\\\/invest351.com\\\/?s={search_term_string}\"},\"query-input\":{\"@type\":\"PropertyValueSpecification\",\"valueRequired\":true,\"valueName\":\"search_term_string\"}}],\"inLanguage\":\"es\"},{\"@type\":\"Organization\",\"@id\":\"https:\\\/\\\/invest351.com\\\/#organization\",\"name\":\"Invest 351\",\"url\":\"https:\\\/\\\/invest351.com\\\/\",\"logo\":{\"@type\":\"ImageObject\",\"inLanguage\":\"es\",\"@id\":\"https:\\\/\\\/invest351.com\\\/#\\\/schema\\\/logo\\\/image\\\/\",\"url\":\"https:\\\/\\\/invest351.com\\\/wp-content\\\/uploads\\\/2023\\\/01\\\/Invest351-black.png\",\"contentUrl\":\"https:\\\/\\\/invest351.com\\\/wp-content\\\/uploads\\\/2023\\\/01\\\/Invest351-black.png\",\"width\":1355,\"height\":265,\"caption\":\"Invest 351\"},\"image\":{\"@id\":\"https:\\\/\\\/invest351.com\\\/#\\\/schema\\\/logo\\\/image\\\/\"}}]}<\/script>\n<!-- \/ Yoast SEO plugin. -->","yoast_head_json":{"title":"Pol\u00edtica de privacidad - Invest 351","robots":{"index":"index","follow":"follow","max-snippet":"max-snippet:-1","max-image-preview":"max-image-preview:large","max-video-preview":"max-video-preview:-1"},"canonical":"https:\/\/invest351.com\/es\/politica-de-privacidad\/","og_locale":"es_ES","og_type":"article","og_title":"Pol\u00edtica de Privacidade - Invest 351","og_description":"Pol\u00edtica de Privacidade Quando acede ao website de Invest351 est\u00e1 a aceitar os termos expostos e as regras gerais de privacidade e tratamento dos seus dados pessoais, que recolhemos e tratamos no cumprimento da Lei de Prote\u00e7\u00e3o de Dados Pessoais. Todos os direitos de autor, copyright, marca registada e outros aplic\u00e1veis ou utilizados no presente [&hellip;]","og_url":"https:\/\/invest351.com\/es\/politica-de-privacidad\/","og_site_name":"Invest 351","article_modified_time":"2022-11-28T10:50:47+00:00","twitter_card":"summary_large_image","twitter_misc":{"Tiempo de lectura":"4 minutos"},"schema":{"@context":"https:\/\/schema.org","@graph":[{"@type":"WebPage","@id":"https:\/\/invest351.com\/politica-privacidade\/","url":"https:\/\/invest351.com\/politica-privacidade\/","name":"Pol\u00edtica de privacidad - Invest 351","isPartOf":{"@id":"https:\/\/invest351.com\/#website"},"datePublished":"2022-07-21T16:02:44+00:00","dateModified":"2022-11-28T10:50:47+00:00","breadcrumb":{"@id":"https:\/\/invest351.com\/politica-privacidade\/#breadcrumb"},"inLanguage":"es","potentialAction":[{"@type":"ReadAction","target":["https:\/\/invest351.com\/politica-privacidade\/"]}]},{"@type":"BreadcrumbList","@id":"https:\/\/invest351.com\/politica-privacidade\/#breadcrumb","itemListElement":[{"@type":"ListItem","position":1,"name":"In\u00edcio","item":"https:\/\/invest351.com\/"},{"@type":"ListItem","position":2,"name":"Pol\u00edtica de Privacidade"}]},{"@type":"WebSite","@id":"https:\/\/invest351.com\/#website","url":"https:\/\/invest351.com\/","name":"Invertir 351","description":"Consultor especializado en inversiones inmobiliarias","publisher":{"@id":"https:\/\/invest351.com\/#organization"},"potentialAction":[{"@type":"SearchAction","target":{"@type":"EntryPoint","urlTemplate":"https:\/\/invest351.com\/?s={search_term_string}"},"query-input":{"@type":"PropertyValueSpecification","valueRequired":true,"valueName":"search_term_string"}}],"inLanguage":"es"},{"@type":"Organization","@id":"https:\/\/invest351.com\/#organization","name":"Invertir 351","url":"https:\/\/invest351.com\/","logo":{"@type":"ImageObject","inLanguage":"es","@id":"https:\/\/invest351.com\/#\/schema\/logo\/image\/","url":"https:\/\/invest351.com\/wp-content\/uploads\/2023\/01\/Invest351-black.png","contentUrl":"https:\/\/invest351.com\/wp-content\/uploads\/2023\/01\/Invest351-black.png","width":1355,"height":265,"caption":"Invest 351"},"image":{"@id":"https:\/\/invest351.com\/#\/schema\/logo\/image\/"}}]}},"_links":{"self":[{"href":"https:\/\/invest351.com\/es\/wp-json\/wp\/v2\/pages\/3260","targetHints":{"allow":["GET"]}}],"collection":[{"href":"https:\/\/invest351.com\/es\/wp-json\/wp\/v2\/pages"}],"about":[{"href":"https:\/\/invest351.com\/es\/wp-json\/wp\/v2\/types\/page"}],"author":[{"embeddable":true,"href":"https:\/\/invest351.com\/es\/wp-json\/wp\/v2\/users\/2"}],"replies":[{"embeddable":true,"href":"https:\/\/invest351.com\/es\/wp-json\/wp\/v2\/comments?post=3260"}],"version-history":[{"count":3,"href":"https:\/\/invest351.com\/es\/wp-json\/wp\/v2\/pages\/3260\/revisions"}],"predecessor-version":[{"id":4393,"href":"https:\/\/invest351.com\/es\/wp-json\/wp\/v2\/pages\/3260\/revisions\/4393"}],"wp:attachment":[{"href":"https:\/\/invest351.com\/es\/wp-json\/wp\/v2\/media?parent=3260"}],"curies":[{"name":"wp","href":"https:\/\/api.w.org\/{rel}","templated":true}]}}