{"id":252,"date":"2022-07-21T16:02:44","date_gmt":"2022-07-21T16:02:44","guid":{"rendered":"https:\/\/invest351.com\/?page_id=252"},"modified":"2024-05-09T21:35:39","modified_gmt":"2024-05-09T20:35:39","slug":"contactos","status":"publish","type":"page","link":"https:\/\/invest351.com\/es\/contactos\/","title":{"rendered":"Contactos"},"content":{"rendered":"\t\t<div data-elementor-type=\"wp-page\" data-elementor-id=\"252\" class=\"elementor elementor-252\" data-elementor-post-type=\"page\">\n\t\t\t\t\t\t<section class=\"elementor-section elementor-top-section elementor-element elementor-element-85bda67 elementor-section-boxed elementor-section-height-default elementor-section-height-default\" data-id=\"85bda67\" data-element_type=\"section\" data-e-type=\"section\">\n\t\t\t\t\t\t<div class=\"elementor-container elementor-column-gap-default\">\n\t\t\t\t\t<div class=\"elementor-column elementor-col-100 elementor-top-column elementor-element elementor-element-5c45997\" data-id=\"5c45997\" data-element_type=\"column\" data-e-type=\"column\">\n\t\t\t<div class=\"elementor-widget-wrap elementor-element-populated\">\n\t\t\t\t\t\t<div class=\"elementor-element elementor-element-4750aa7 elementor-widget elementor-widget-shortcode\" data-id=\"4750aa7\" data-element_type=\"widget\" data-e-type=\"widget\" data-widget_type=\"shortcode.default\">\n\t\t\t\t<div class=\"elementor-widget-container\">\n\t\t\t\t\t\t\t<div class=\"elementor-shortcode\">\n\t\t\t\t<p class=\"rs-p-wp-fix\"><\/p>\n\t\t\t\t<sr7-module data-alias=\"ken-burns-hero1\" data-id=\"178\" id=\"SR7_178_1\" data-version=\"6.7.52\">\n\t\t\t\t\t<sr7-adjuster><\/sr7-adjuster>\n\t\t\t\t\t<sr7-content>\n\t\t\t\t\t\t<sr7-slide id=\"SR7_178_1-63\" data-key=\"63\">\n\t\t\t\t\t\t\t<sr7-bg id=\"SR7_178_1-63-slidebg\" class=\"sr7-layer\"><noscript><img decoding=\"async\" src=\"https:\/\/invest351.com\/wp-content\/uploads\/2022\/09\/Capa-contactos2.jpg\" alt=\"\" title=\"Capa-contactos2\"><\/noscript><\/sr7-bg>\n\t\t\t\t\t\t\t<sr7-txt id=\"SR7_178_1-63-4\" class=\"sr7-layer\">Contacte-Nos<\/sr7-txt>\n\t\t\t\t\t\t<\/sr7-slide>\n\t\t\t\t\t\t<sr7-slide id=\"SR7_178_1-204\" data-key=\"204\">\n\t\t\t\t\t\t<\/sr7-slide>\n\t\t\t\t\t<\/sr7-content>\n\t\t\t\t<\/sr7-module>\n\t\t\t\t<script>\n\t\t\t\t\twindow.SR7 ??={};SR7.PMH ??={}; SR7.PMH[\"SR7_178_1\"] = {cn:100,state:false,fn: function() { if (window._tpt!==undefined && window._tpt.prepareModuleHeight !== undefined) {  _tpt.prepareModuleHeight({id:\"SR7_178_1\",el:[630,570,472,352],type:'hero',shdw:'0',gh:[630,570,472,352],gw:[1240,1024,778,480],vpt:['-200px'],size:{fullWidth:true, fullHeight:false},mh:'0',onh:0,onw:0,bg:{color:'transparent'},plType:'7',plColor:'#ffffff'});   SR7.PMH[\"SR7_178_1\"].state=true;} else if(SR7.PMH[\"SR7_178_1\"].cn-->0)\tsetTimeout( SR7.PMH[\"SR7_178_1\"].fn,19);}};SR7.PMH[\"SR7_178_1\" ].fn();\n\t\t\t\t<\/script>\n<\/div>\n\t\t\t\t\t\t<\/div>\n\t\t\t\t<\/div>\n\t\t\t\t\t<\/div>\n\t\t<\/div>\n\t\t\t\t\t<\/div>\n\t\t<\/section>\n\t\t\t\t<section class=\"elementor-section elementor-top-section elementor-element elementor-element-2eec5cf elementor-section-boxed elementor-section-height-default elementor-section-height-default\" data-id=\"2eec5cf\" data-element_type=\"section\" data-e-type=\"section\">\n\t\t\t\t\t\t<div class=\"elementor-container elementor-column-gap-default\">\n\t\t\t\t\t<div class=\"elementor-column elementor-col-100 elementor-top-column elementor-element elementor-element-4e0ea9b\" data-id=\"4e0ea9b\" data-element_type=\"column\" data-e-type=\"column\">\n\t\t\t<div class=\"elementor-widget-wrap elementor-element-populated\">\n\t\t\t\t\t\t<div class=\"elementor-element elementor-element-acb679d elementor-widget elementor-widget-heading\" data-id=\"acb679d\" data-element_type=\"widget\" data-e-type=\"widget\" data-widget_type=\"heading.default\">\n\t\t\t\t<div class=\"elementor-widget-container\">\n\t\t\t\t\t<h2 class=\"elementor-heading-title elementor-size-default\">Para um investimento seguro e de m\u00e1xima rentabilidade, entre em contacto connosco.<\/h2>\t\t\t\t<\/div>\n\t\t\t\t<\/div>\n\t\t\t\t\t<\/div>\n\t\t<\/div>\n\t\t\t\t\t<\/div>\n\t\t<\/section>\n\t\t\t\t<section class=\"elementor-section elementor-top-section elementor-element elementor-element-956dbd4 elementor-section-boxed elementor-section-height-default elementor-section-height-default\" data-id=\"956dbd4\" data-element_type=\"section\" data-e-type=\"section\">\n\t\t\t\t\t\t<div class=\"elementor-container elementor-column-gap-default\">\n\t\t\t\t\t<div class=\"elementor-column elementor-col-33 elementor-top-column elementor-element elementor-element-ed30e4b\" data-id=\"ed30e4b\" data-element_type=\"column\" data-e-type=\"column\">\n\t\t\t<div class=\"elementor-widget-wrap elementor-element-populated\">\n\t\t\t\t\t\t<div class=\"elementor-element elementor-element-f220bdf elementor-widget elementor-widget-image\" data-id=\"f220bdf\" data-element_type=\"widget\" data-e-type=\"widget\" data-widget_type=\"image.default\">\n\t\t\t\t<div class=\"elementor-widget-container\">\n\t\t\t\t\t\t\t\t\t\t\t\t\t\t\t<img decoding=\"async\" src=\"https:\/\/invest351.com\/wp-content\/uploads\/elementor\/thumbs\/Invest351-telephone-icon-blue-psbqao5cjzffpldxa0v90fzphn1ufnvb9bmq7hanzc.png\" title=\"Invest351-telephone-icon-blue\" alt=\"Invest351-telephone-icon-blue\" loading=\"lazy\" \/>\t\t\t\t\t\t\t\t\t\t\t\t\t\t\t<\/div>\n\t\t\t\t<\/div>\n\t\t\t\t<div class=\"elementor-element elementor-element-d773fcd elementor-widget elementor-widget-text-editor\" data-id=\"d773fcd\" data-element_type=\"widget\" data-e-type=\"widget\" data-widget_type=\"text-editor.default\">\n\t\t\t\t<div class=\"elementor-widget-container\">\n\t\t\t\t\t\t\t\t\t<h4 style=\"text-align: center;\"><span style=\"color: #4fafe2;\"><strong>Telefone<\/strong><\/span><\/h4><p style=\"text-align: center;\"><a href=\"tel:00351916312583\">+(351) 916 312 583<\/a><\/p><p style=\"text-align: center;\"><a href=\"tel:00351963348597\">+(351) 963 348 597<\/a><\/p><p style=\"text-align: center;\">(Chamada para a rede m\u00f3vel nacional)<\/p>\t\t\t\t\t\t\t\t<\/div>\n\t\t\t\t<\/div>\n\t\t\t\t\t<\/div>\n\t\t<\/div>\n\t\t\t\t<div class=\"elementor-column elementor-col-33 elementor-top-column elementor-element elementor-element-047fbb3\" data-id=\"047fbb3\" data-element_type=\"column\" data-e-type=\"column\">\n\t\t\t<div class=\"elementor-widget-wrap elementor-element-populated\">\n\t\t\t\t\t\t<div class=\"elementor-element elementor-element-999de85 elementor-widget elementor-widget-image\" data-id=\"999de85\" data-element_type=\"widget\" data-e-type=\"widget\" data-widget_type=\"image.default\">\n\t\t\t\t<div class=\"elementor-widget-container\">\n\t\t\t\t\t\t\t\t\t\t\t\t\t\t\t<img decoding=\"async\" src=\"https:\/\/invest351.com\/wp-content\/uploads\/elementor\/thumbs\/Invest351-locatioin-icon-blue-px7ym0nay7fvd8egv63nho9dw7gf8lke1c0wmh8kx4.png\" title=\"Invest351-locatioin-icon-blue\" alt=\"Invest351-locatioin-icon-blue\" loading=\"lazy\" \/>\t\t\t\t\t\t\t\t\t\t\t\t\t\t\t<\/div>\n\t\t\t\t<\/div>\n\t\t\t\t<div class=\"elementor-element elementor-element-2500fbb elementor-widget elementor-widget-text-editor\" data-id=\"2500fbb\" data-element_type=\"widget\" data-e-type=\"widget\" data-widget_type=\"text-editor.default\">\n\t\t\t\t<div class=\"elementor-widget-container\">\n\t\t\t\t\t\t\t\t\t<h4 style=\"text-align: center;\"><span style=\"color: #4fafe2;\"><strong>Endere\u00e7o<\/strong><\/span><\/h4><p style=\"text-align: center;\">Av. da Boavista, n\u00ba 3523, 5\u00ba Andar, <br \/>Sala 501\u20284100-139 <br \/>Porto &#8211; Portugal<\/p><p style=\"text-align: center;\">\u00a0<\/p>\t\t\t\t\t\t\t\t<\/div>\n\t\t\t\t<\/div>\n\t\t\t\t<div class=\"elementor-element elementor-element-ff4f0ea elementor-widget elementor-widget-spacer\" data-id=\"ff4f0ea\" data-element_type=\"widget\" data-e-type=\"widget\" data-widget_type=\"spacer.default\">\n\t\t\t\t<div class=\"elementor-widget-container\">\n\t\t\t\t\t\t\t<div class=\"elementor-spacer\">\n\t\t\t<div class=\"elementor-spacer-inner\"><\/div>\n\t\t<\/div>\n\t\t\t\t\t\t<\/div>\n\t\t\t\t<\/div>\n\t\t\t\t\t<\/div>\n\t\t<\/div>\n\t\t\t\t<div class=\"elementor-column elementor-col-33 elementor-top-column elementor-element elementor-element-a962b74\" data-id=\"a962b74\" data-element_type=\"column\" data-e-type=\"column\">\n\t\t\t<div class=\"elementor-widget-wrap elementor-element-populated\">\n\t\t\t\t\t\t<div class=\"elementor-element elementor-element-6027647 elementor-widget elementor-widget-image\" data-id=\"6027647\" data-element_type=\"widget\" data-e-type=\"widget\" data-widget_type=\"image.default\">\n\t\t\t\t<div class=\"elementor-widget-container\">\n\t\t\t\t\t\t\t\t\t\t\t\t\t\t\t<img decoding=\"async\" src=\"https:\/\/invest351.com\/wp-content\/uploads\/elementor\/thumbs\/Invest351-email-icon-blue-psbqao5cjzffpldxa0v90fzphn1ufnvb9bmq7hanzc.png\" title=\"Invest351-email-icon-blue\" alt=\"Invest351-email-icon-blue\" loading=\"lazy\" \/>\t\t\t\t\t\t\t\t\t\t\t\t\t\t\t<\/div>\n\t\t\t\t<\/div>\n\t\t\t\t<div class=\"elementor-element elementor-element-97af07d elementor-widget elementor-widget-text-editor\" data-id=\"97af07d\" data-element_type=\"widget\" data-e-type=\"widget\" data-widget_type=\"text-editor.default\">\n\t\t\t\t<div class=\"elementor-widget-container\">\n\t\t\t\t\t\t\t\t\t<h4 style=\"text-align: center;\"><span style=\"color: #4fafe2;\"><strong>Email<\/strong><\/span><\/h4><p style=\"text-align: center;\"><a href=\"mailto:info@invest351.com\">info@invest351.com<\/a><\/p>\t\t\t\t\t\t\t\t<\/div>\n\t\t\t\t<\/div>\n\t\t\t\t\t<\/div>\n\t\t<\/div>\n\t\t\t\t\t<\/div>\n\t\t<\/section>\n\t\t\t\t<section class=\"elementor-section elementor-top-section elementor-element elementor-element-87496a0 elementor-section-boxed elementor-section-height-default elementor-section-height-default\" data-id=\"87496a0\" data-element_type=\"section\" data-e-type=\"section\">\n\t\t\t\t\t\t<div class=\"elementor-container elementor-column-gap-no\">\n\t\t\t\t\t<div class=\"elementor-column elementor-col-100 elementor-top-column elementor-element elementor-element-6d81cdb8\" data-id=\"6d81cdb8\" data-element_type=\"column\" data-e-type=\"column\">\n\t\t\t<div class=\"elementor-widget-wrap elementor-element-populated\">\n\t\t\t\t\t\t<section class=\"elementor-section elementor-inner-section elementor-element elementor-element-6ab5665d elementor-section-content-middle elementor-section-boxed elementor-section-height-default elementor-section-height-default\" data-id=\"6ab5665d\" data-element_type=\"section\" data-e-type=\"section\">\n\t\t\t\t\t\t<div class=\"elementor-container elementor-column-gap-no\">\n\t\t\t\t\t<div class=\"elementor-column elementor-col-50 elementor-inner-column elementor-element elementor-element-73239c0a\" data-id=\"73239c0a\" data-element_type=\"column\" data-e-type=\"column\" data-settings=\"{&quot;background_background&quot;:&quot;classic&quot;}\">\n\t\t\t<div class=\"elementor-widget-wrap elementor-element-populated\">\n\t\t\t\t\t\t<div class=\"elementor-element elementor-element-5c118d0b elementor-widget elementor-widget-google_maps\" data-id=\"5c118d0b\" data-element_type=\"widget\" data-e-type=\"widget\" data-widget_type=\"google_maps.default\">\n\t\t\t\t<div class=\"elementor-widget-container\">\n\t\t\t\t\t\t\t<div class=\"elementor-custom-embed\">\n\t\t\t<iframe loading=\"lazy\"\n\t\t\t\t\tsrc=\"https:\/\/maps.google.com\/maps?q=Invest%20351&#038;t=m&#038;z=14&#038;output=embed&#038;iwloc=near\"\n\t\t\t\t\ttitle=\"Invest 351\"\n\t\t\t\t\taria-label=\"Invest 351\"\n\t\t\t><\/iframe>\n\t\t<\/div>\n\t\t\t\t\t\t<\/div>\n\t\t\t\t<\/div>\n\t\t\t\t\t<\/div>\n\t\t<\/div>\n\t\t\t\t<div class=\"elementor-column elementor-col-50 elementor-inner-column elementor-element elementor-element-78333bca\" data-id=\"78333bca\" data-element_type=\"column\" data-e-type=\"column\" data-settings=\"{&quot;background_background&quot;:&quot;classic&quot;}\">\n\t\t\t<div class=\"elementor-widget-wrap elementor-element-populated\">\n\t\t\t\t\t\t<div class=\"elementor-element elementor-element-36944cea elementor-widget elementor-widget-heading\" data-id=\"36944cea\" data-element_type=\"widget\" data-e-type=\"widget\" data-widget_type=\"heading.default\">\n\t\t\t\t<div class=\"elementor-widget-container\">\n\t\t\t\t\t<h2 class=\"elementor-heading-title elementor-size-default\">Contacte-nos<\/h2>\t\t\t\t<\/div>\n\t\t\t\t<\/div>\n\t\t\t\t<div class=\"elementor-element elementor-element-ed510c elementor-button-align-start elementor-mobile-button-align-stretch elementor-widget elementor-widget-form\" data-id=\"ed510c\" data-element_type=\"widget\" data-e-type=\"widget\" data-settings=\"{&quot;step_next_label&quot;:&quot;Next&quot;,&quot;step_previous_label&quot;:&quot;Previous&quot;,&quot;step_type&quot;:&quot;number_text&quot;,&quot;step_icon_shape&quot;:&quot;circle&quot;}\" data-widget_type=\"form.default\">\n\t\t\t\t<div class=\"elementor-widget-container\">\n\t\t\t\t\t\t\t<form class=\"elementor-form\" method=\"post\" name=\"Form Contactos\" aria-label=\"Form Contactos\">\n\t\t\t<input type=\"hidden\" name=\"post_id\" value=\"252\"\/>\n\t\t\t<input type=\"hidden\" name=\"form_id\" value=\"ed510c\"\/>\n\t\t\t<input type=\"hidden\" name=\"referer_title\" value=\"Contactos - Invest 351\" \/>\n\n\t\t\t\t\t\t\t<input type=\"hidden\" name=\"queried_id\" value=\"252\"\/>\n\t\t\t\n\t\t\t<div class=\"elementor-form-fields-wrapper elementor-labels-\">\n\t\t\t\t\t\t\t\t<div class=\"elementor-field-type-text elementor-field-group elementor-column elementor-field-group-name elementor-col-100 elementor-field-required\">\n\t\t\t\t\t\t\t\t\t\t\t\t<label for=\"form-field-name\" class=\"elementor-field-label elementor-screen-only\">\n\t\t\t\t\t\t\t\tNome\t\t\t\t\t\t\t<\/label>\n\t\t\t\t\t\t\t\t\t\t\t\t\t\t<input size=\"1\" type=\"text\" name=\"form_fields[name]\" id=\"form-field-name\" class=\"elementor-field elementor-size-md  elementor-field-textual\" placeholder=\"Nome\" required=\"required\">\n\t\t\t\t\t\t\t\t\t\t\t<\/div>\n\t\t\t\t\t\t\t\t<div class=\"elementor-field-type-email elementor-field-group elementor-column elementor-field-group-email elementor-col-100 elementor-field-required\">\n\t\t\t\t\t\t\t\t\t\t\t\t<label for=\"form-field-email\" class=\"elementor-field-label elementor-screen-only\">\n\t\t\t\t\t\t\t\tEmail\t\t\t\t\t\t\t<\/label>\n\t\t\t\t\t\t\t\t\t\t\t\t\t\t<input size=\"1\" type=\"email\" name=\"form_fields[email]\" id=\"form-field-email\" class=\"elementor-field elementor-size-md  elementor-field-textual\" placeholder=\"Email\" required=\"required\">\n\t\t\t\t\t\t\t\t\t\t\t<\/div>\n\t\t\t\t\t\t\t\t<div class=\"elementor-field-type-textarea elementor-field-group elementor-column elementor-field-group-message elementor-col-100 elementor-field-required\">\n\t\t\t\t\t\t\t\t\t\t\t\t<label for=\"form-field-message\" class=\"elementor-field-label elementor-screen-only\">\n\t\t\t\t\t\t\t\tMensagem\t\t\t\t\t\t\t<\/label>\n\t\t\t\t\t\t<textarea class=\"elementor-field-textual elementor-field  elementor-size-md\" name=\"form_fields[message]\" id=\"form-field-message\" rows=\"4\" placeholder=\"Mensagem\" required=\"required\"><\/textarea>\t\t\t\t<\/div>\n\t\t\t\t\t\t\t\t<div class=\"elementor-field-type-recaptcha_v3 elementor-field-group elementor-column elementor-field-group-field_aafea7b elementor-col-100 recaptcha_v3-inline\">\n\t\t\t\t\t<div class=\"elementor-field\" id=\"form-field-field_aafea7b\"><div class=\"elementor-g-recaptcha\" data-sitekey=\"6LfAOiskAAAAADh128VoOHNs1W4IA35iVp8QzxmF\" data-type=\"v3\" data-action=\"Form\" data-badge=\"inline\" data-size=\"invisible\"><\/div><\/div>\t\t\t\t<\/div>\n\t\t\t\t\t\t\t\t<div class=\"elementor-field-group elementor-column elementor-field-type-submit elementor-col-100 e-form__buttons\">\n\t\t\t\t\t<button class=\"elementor-button elementor-size-sm\" type=\"submit\">\n\t\t\t\t\t\t<span class=\"elementor-button-content-wrapper\">\n\t\t\t\t\t\t\t\t\t\t\t\t\t\t\t\t\t\t\t\t\t\t<span class=\"elementor-button-text\">ENVIAR<\/span>\n\t\t\t\t\t\t\t\t\t\t\t\t\t<\/span>\n\t\t\t\t\t<\/button>\n\t\t\t\t<\/div>\n\t\t\t<\/div>\n\t\t<\/form>\n\t\t\t\t\t\t<\/div>\n\t\t\t\t<\/div>\n\t\t\t\t\t<\/div>\n\t\t<\/div>\n\t\t\t\t\t<\/div>\n\t\t<\/section>\n\t\t\t\t\t<\/div>\n\t\t<\/div>\n\t\t\t\t\t<\/div>\n\t\t<\/section>\n\t\t\t\t<\/div>\n\t\t","protected":false},"excerpt":{"rendered":"<p>Para una inversi\u00f3n segura con la m\u00e1xima rentabilidad, p\u00f3ngase en contacto con nosotros. Tel\u00e9fono +(351) 916 312 583 +(351) 963 348 597 (Llame a la red m\u00f3vil nacional) Direcci\u00f3n Av. da Boavista, n\u00ba 3523, 5\u00ba Andar, Sala 501 4100-139 Oporto - Portugal Correo electr\u00f3nico info@invest351.com P\u00f3ngase en contacto con nosotros<\/p>","protected":false},"author":2,"featured_media":0,"parent":0,"menu_order":0,"comment_status":"closed","ping_status":"closed","template":"elementor_header_footer","meta":{"_joinchat":[],"footnotes":""},"class_list":["post-252","page","type-page","status-publish","hentry"],"yoast_head":"<!-- This site is optimized with the Yoast SEO plugin v27.4 - https:\/\/yoast.com\/product\/yoast-seo-wordpress\/ -->\n<title>Contactos - Invest 351<\/title>\n<meta name=\"robots\" content=\"index, follow, max-snippet:-1, max-image-preview:large, max-video-preview:-1\" \/>\n<link rel=\"canonical\" href=\"https:\/\/invest351.com\/es\/contactos\/\" \/>\n<meta property=\"og:locale\" content=\"es_ES\" \/>\n<meta property=\"og:type\" content=\"article\" \/>\n<meta property=\"og:title\" content=\"Contactos - Invest 351\" \/>\n<meta property=\"og:description\" content=\"Para um investimento seguro e de m\u00e1xima rentabilidade, entre em contacto connosco. Telefone +(351) 916 312 583 +(351) 963 348 597 (Chamada para a rede m\u00f3vel nacional) Endere\u00e7o Av. da Boavista, n\u00ba 3523, 5\u00ba Andar, Sala 501\u20284100-139 Porto &#8211; Portugal \u00a0 Email info@invest351.com Contacte-nos\" \/>\n<meta property=\"og:url\" content=\"https:\/\/invest351.com\/es\/contactos\/\" \/>\n<meta property=\"og:site_name\" content=\"Invest 351\" \/>\n<meta property=\"article:modified_time\" content=\"2024-05-09T20:35:39+00:00\" \/>\n<meta property=\"og:image\" content=\"https:\/\/invest351.com\/wp-content\/uploads\/elementor\/thumbs\/Invest351-telephone-icon-blue-psbqao5cjzffpldxa0v90fzphn1ufnvb9bmq7hanzc.png\" \/>\n<meta name=\"twitter:card\" content=\"summary_large_image\" \/>\n<meta name=\"twitter:label1\" content=\"Tiempo de lectura\" \/>\n\t<meta name=\"twitter:data1\" content=\"1 minuto\" \/>\n<script type=\"application\/ld+json\" class=\"yoast-schema-graph\">{\"@context\":\"https:\\\/\\\/schema.org\",\"@graph\":[{\"@type\":\"WebPage\",\"@id\":\"https:\\\/\\\/invest351.com\\\/contactos\\\/\",\"url\":\"https:\\\/\\\/invest351.com\\\/contactos\\\/\",\"name\":\"Contactos - Invest 351\",\"isPartOf\":{\"@id\":\"https:\\\/\\\/invest351.com\\\/#website\"},\"primaryImageOfPage\":{\"@id\":\"https:\\\/\\\/invest351.com\\\/contactos\\\/#primaryimage\"},\"image\":{\"@id\":\"https:\\\/\\\/invest351.com\\\/contactos\\\/#primaryimage\"},\"thumbnailUrl\":\"https:\\\/\\\/invest351.com\\\/wp-content\\\/uploads\\\/elementor\\\/thumbs\\\/Invest351-telephone-icon-blue-psbqao5cjzffpldxa0v90fzphn1ufnvb9bmq7hanzc.png\",\"datePublished\":\"2022-07-21T16:02:44+00:00\",\"dateModified\":\"2024-05-09T20:35:39+00:00\",\"breadcrumb\":{\"@id\":\"https:\\\/\\\/invest351.com\\\/contactos\\\/#breadcrumb\"},\"inLanguage\":\"es\",\"potentialAction\":[{\"@type\":\"ReadAction\",\"target\":[\"https:\\\/\\\/invest351.com\\\/contactos\\\/\"]}]},{\"@type\":\"ImageObject\",\"inLanguage\":\"es\",\"@id\":\"https:\\\/\\\/invest351.com\\\/contactos\\\/#primaryimage\",\"url\":\"https:\\\/\\\/invest351.com\\\/wp-content\\\/uploads\\\/elementor\\\/thumbs\\\/Invest351-telephone-icon-blue-psbqao5cjzffpldxa0v90fzphn1ufnvb9bmq7hanzc.png\",\"contentUrl\":\"https:\\\/\\\/invest351.com\\\/wp-content\\\/uploads\\\/elementor\\\/thumbs\\\/Invest351-telephone-icon-blue-psbqao5cjzffpldxa0v90fzphn1ufnvb9bmq7hanzc.png\"},{\"@type\":\"BreadcrumbList\",\"@id\":\"https:\\\/\\\/invest351.com\\\/contactos\\\/#breadcrumb\",\"itemListElement\":[{\"@type\":\"ListItem\",\"position\":1,\"name\":\"In\u00edcio\",\"item\":\"https:\\\/\\\/invest351.com\\\/\"},{\"@type\":\"ListItem\",\"position\":2,\"name\":\"Contactos\"}]},{\"@type\":\"WebSite\",\"@id\":\"https:\\\/\\\/invest351.com\\\/#website\",\"url\":\"https:\\\/\\\/invest351.com\\\/\",\"name\":\"Invest 351\",\"description\":\"Consultora especializada em investimento imobili\u00e1rio\",\"publisher\":{\"@id\":\"https:\\\/\\\/invest351.com\\\/#organization\"},\"potentialAction\":[{\"@type\":\"SearchAction\",\"target\":{\"@type\":\"EntryPoint\",\"urlTemplate\":\"https:\\\/\\\/invest351.com\\\/?s={search_term_string}\"},\"query-input\":{\"@type\":\"PropertyValueSpecification\",\"valueRequired\":true,\"valueName\":\"search_term_string\"}}],\"inLanguage\":\"es\"},{\"@type\":\"Organization\",\"@id\":\"https:\\\/\\\/invest351.com\\\/#organization\",\"name\":\"Invest 351\",\"url\":\"https:\\\/\\\/invest351.com\\\/\",\"logo\":{\"@type\":\"ImageObject\",\"inLanguage\":\"es\",\"@id\":\"https:\\\/\\\/invest351.com\\\/#\\\/schema\\\/logo\\\/image\\\/\",\"url\":\"https:\\\/\\\/invest351.com\\\/wp-content\\\/uploads\\\/2023\\\/01\\\/Invest351-black.png\",\"contentUrl\":\"https:\\\/\\\/invest351.com\\\/wp-content\\\/uploads\\\/2023\\\/01\\\/Invest351-black.png\",\"width\":1355,\"height\":265,\"caption\":\"Invest 351\"},\"image\":{\"@id\":\"https:\\\/\\\/invest351.com\\\/#\\\/schema\\\/logo\\\/image\\\/\"}}]}<\/script>\n<!-- \/ Yoast SEO plugin. -->","yoast_head_json":{"title":"Contactos - Invest 351","robots":{"index":"index","follow":"follow","max-snippet":"max-snippet:-1","max-image-preview":"max-image-preview:large","max-video-preview":"max-video-preview:-1"},"canonical":"https:\/\/invest351.com\/es\/contactos\/","og_locale":"es_ES","og_type":"article","og_title":"Contactos - Invest 351","og_description":"Para um investimento seguro e de m\u00e1xima rentabilidade, entre em contacto connosco. Telefone +(351) 916 312 583 +(351) 963 348 597 (Chamada para a rede m\u00f3vel nacional) Endere\u00e7o Av. da Boavista, n\u00ba 3523, 5\u00ba Andar, Sala 501\u20284100-139 Porto &#8211; Portugal \u00a0 Email info@invest351.com Contacte-nos","og_url":"https:\/\/invest351.com\/es\/contactos\/","og_site_name":"Invest 351","article_modified_time":"2024-05-09T20:35:39+00:00","og_image":[{"url":"https:\/\/invest351.com\/wp-content\/uploads\/elementor\/thumbs\/Invest351-telephone-icon-blue-psbqao5cjzffpldxa0v90fzphn1ufnvb9bmq7hanzc.png","type":"","width":"","height":""}],"twitter_card":"summary_large_image","twitter_misc":{"Tiempo de lectura":"1 minuto"},"schema":{"@context":"https:\/\/schema.org","@graph":[{"@type":"WebPage","@id":"https:\/\/invest351.com\/contactos\/","url":"https:\/\/invest351.com\/contactos\/","name":"Contactos - Invest 351","isPartOf":{"@id":"https:\/\/invest351.com\/#website"},"primaryImageOfPage":{"@id":"https:\/\/invest351.com\/contactos\/#primaryimage"},"image":{"@id":"https:\/\/invest351.com\/contactos\/#primaryimage"},"thumbnailUrl":"https:\/\/invest351.com\/wp-content\/uploads\/elementor\/thumbs\/Invest351-telephone-icon-blue-psbqao5cjzffpldxa0v90fzphn1ufnvb9bmq7hanzc.png","datePublished":"2022-07-21T16:02:44+00:00","dateModified":"2024-05-09T20:35:39+00:00","breadcrumb":{"@id":"https:\/\/invest351.com\/contactos\/#breadcrumb"},"inLanguage":"es","potentialAction":[{"@type":"ReadAction","target":["https:\/\/invest351.com\/contactos\/"]}]},{"@type":"ImageObject","inLanguage":"es","@id":"https:\/\/invest351.com\/contactos\/#primaryimage","url":"https:\/\/invest351.com\/wp-content\/uploads\/elementor\/thumbs\/Invest351-telephone-icon-blue-psbqao5cjzffpldxa0v90fzphn1ufnvb9bmq7hanzc.png","contentUrl":"https:\/\/invest351.com\/wp-content\/uploads\/elementor\/thumbs\/Invest351-telephone-icon-blue-psbqao5cjzffpldxa0v90fzphn1ufnvb9bmq7hanzc.png"},{"@type":"BreadcrumbList","@id":"https:\/\/invest351.com\/contactos\/#breadcrumb","itemListElement":[{"@type":"ListItem","position":1,"name":"In\u00edcio","item":"https:\/\/invest351.com\/"},{"@type":"ListItem","position":2,"name":"Contactos"}]},{"@type":"WebSite","@id":"https:\/\/invest351.com\/#website","url":"https:\/\/invest351.com\/","name":"Invertir 351","description":"Consultor especializado en inversiones inmobiliarias","publisher":{"@id":"https:\/\/invest351.com\/#organization"},"potentialAction":[{"@type":"SearchAction","target":{"@type":"EntryPoint","urlTemplate":"https:\/\/invest351.com\/?s={search_term_string}"},"query-input":{"@type":"PropertyValueSpecification","valueRequired":true,"valueName":"search_term_string"}}],"inLanguage":"es"},{"@type":"Organization","@id":"https:\/\/invest351.com\/#organization","name":"Invertir 351","url":"https:\/\/invest351.com\/","logo":{"@type":"ImageObject","inLanguage":"es","@id":"https:\/\/invest351.com\/#\/schema\/logo\/image\/","url":"https:\/\/invest351.com\/wp-content\/uploads\/2023\/01\/Invest351-black.png","contentUrl":"https:\/\/invest351.com\/wp-content\/uploads\/2023\/01\/Invest351-black.png","width":1355,"height":265,"caption":"Invest 351"},"image":{"@id":"https:\/\/invest351.com\/#\/schema\/logo\/image\/"}}]}},"_links":{"self":[{"href":"https:\/\/invest351.com\/es\/wp-json\/wp\/v2\/pages\/252","targetHints":{"allow":["GET"]}}],"collection":[{"href":"https:\/\/invest351.com\/es\/wp-json\/wp\/v2\/pages"}],"about":[{"href":"https:\/\/invest351.com\/es\/wp-json\/wp\/v2\/types\/page"}],"author":[{"embeddable":true,"href":"https:\/\/invest351.com\/es\/wp-json\/wp\/v2\/users\/2"}],"replies":[{"embeddable":true,"href":"https:\/\/invest351.com\/es\/wp-json\/wp\/v2\/comments?post=252"}],"version-history":[{"count":279,"href":"https:\/\/invest351.com\/es\/wp-json\/wp\/v2\/pages\/252\/revisions"}],"predecessor-version":[{"id":6301,"href":"https:\/\/invest351.com\/es\/wp-json\/wp\/v2\/pages\/252\/revisions\/6301"}],"wp:attachment":[{"href":"https:\/\/invest351.com\/es\/wp-json\/wp\/v2\/media?parent=252"}],"curies":[{"name":"wp","href":"https:\/\/api.w.org\/{rel}","templated":true}]}}