{"id":5607,"date":"2024-03-05T21:08:46","date_gmt":"2024-03-05T21:08:46","guid":{"rendered":"https:\/\/invest351.com\/carrinho\/"},"modified":"2024-03-05T21:08:46","modified_gmt":"2024-03-05T21:08:46","slug":"trolley","status":"publish","type":"page","link":"https:\/\/invest351.com\/en\/carrinho\/","title":{"rendered":"Trolley"},"content":{"rendered":"<div data-block-name=\"woocommerce\/cart\" class=\"wp-block-woocommerce-cart alignwide is-loading\">\n<div data-block-name=\"woocommerce\/filled-cart-block\" class=\"wp-block-woocommerce-filled-cart-block\">\n<div data-block-name=\"woocommerce\/cart-items-block\" class=\"wp-block-woocommerce-cart-items-block\">\n<div data-block-name=\"woocommerce\/cart-line-items-block\" class=\"wp-block-woocommerce-cart-line-items-block\"><\/div>\n\n\n\n<div data-block-name=\"woocommerce\/cart-cross-sells-block\" class=\"wp-block-woocommerce-cart-cross-sells-block\">\n<h2 class=\"wp-block-heading has-large-font-size\">You may be interested in...<\/h2>\n\n\n\n<div data-block-name=\"woocommerce\/cart-cross-sells-products-block\" class=\"wp-block-woocommerce-cart-cross-sells-products-block\"><\/div>\n<\/div>\n<\/div>\n\n\n\n<div data-block-name=\"woocommerce\/cart-totals-block\" class=\"wp-block-woocommerce-cart-totals-block\">\n<div data-block-name=\"woocommerce\/cart-order-summary-block\" class=\"wp-block-woocommerce-cart-order-summary-block\">\n<div data-block-name=\"woocommerce\/cart-order-summary-heading-block\" class=\"wp-block-woocommerce-cart-order-summary-heading-block\"><\/div><div data-block-name=\"woocommerce\/cart-order-summary-coupon-form-block\" class=\"wp-block-woocommerce-cart-order-summary-coupon-form-block\"><\/div><div data-block-name=\"woocommerce\/cart-order-summary-totals-block\" class=\"wp-block-woocommerce-cart-order-summary-totals-block\">\n<div data-block-name=\"woocommerce\/cart-order-summary-subtotal-block\" class=\"wp-block-woocommerce-cart-order-summary-subtotal-block\"><\/div>\n<div data-block-name=\"woocommerce\/cart-order-summary-discount-block\" class=\"wp-block-woocommerce-cart-order-summary-discount-block\"><\/div>\n<div data-block-name=\"woocommerce\/cart-order-summary-fee-block\" class=\"wp-block-woocommerce-cart-order-summary-fee-block\"><\/div>\n<div data-block-name=\"woocommerce\/cart-order-summary-shipping-block\" class=\"wp-block-woocommerce-cart-order-summary-shipping-block\"><\/div>\n<div data-block-name=\"woocommerce\/cart-order-summary-taxes-block\" class=\"wp-block-woocommerce-cart-order-summary-taxes-block\"><\/div><\/div>\n<\/div>\n\n\n\n<div data-block-name=\"woocommerce\/cart-express-payment-block\" class=\"wp-block-woocommerce-cart-express-payment-block\"><\/div>\n\n\n\n<div data-block-name=\"woocommerce\/proceed-to-checkout-block\" class=\"wp-block-woocommerce-proceed-to-checkout-block\"><\/div>\n\n\n\n<div data-block-name=\"woocommerce\/cart-accepted-payment-methods-block\" class=\"wp-block-woocommerce-cart-accepted-payment-methods-block\"><\/div>\n<\/div>\n<\/div>\n\n\n\n<div data-block-name=\"woocommerce\/empty-cart-block\" class=\"wp-block-woocommerce-empty-cart-block\">\n<h2 class=\"wp-block-heading has-text-align-center with-empty-cart-icon wc-block-cart__empty-cart__title\">Your basket is empty!<\/h2>\n\n\n\n<hr class=\"wp-block-separator has-alpha-channel-opacity is-style-dots\"\/>\n\n\n\n<h2 class=\"wp-block-heading has-text-align-center\">New in the shop<\/h2>\n\n\n<div data-block-name=\"woocommerce\/product-new\" data-columns=\"4\" data-rows=\"1\" class=\"wc-block-grid wp-block-product-new wp-block-woocommerce-product-new wc-block-product-new has-4-columns\"><ul class=\"wc-block-grid__products\"><li class=\"wc-block-grid__product\">\n\t\t\t\t<a href=\"https:\/\/invest351.com\/en\/produto\/inspecao-tecnica-de-imoveis\/\" class=\"wc-block-grid__product-link\">\n\t\t\t\t\t\n\t\t\t\t\t<div class=\"wc-block-grid__product-image\"><img fetchpriority=\"high\" decoding=\"async\" width=\"300\" height=\"300\" src=\"https:\/\/invest351.com\/wp-content\/uploads\/2024\/06\/Inspecao-de-Imoveis-300x300.png\" class=\"attachment-woocommerce_thumbnail size-woocommerce_thumbnail\" alt=\"Technical Property Inspection\" srcset=\"https:\/\/invest351.com\/wp-content\/uploads\/2024\/06\/Inspecao-de-Imoveis-300x300.png 300w, https:\/\/invest351.com\/wp-content\/uploads\/2024\/06\/Inspecao-de-Imoveis-1024x1024.png 1024w, https:\/\/invest351.com\/wp-content\/uploads\/2024\/06\/Inspecao-de-Imoveis-150x150.png 150w, https:\/\/invest351.com\/wp-content\/uploads\/2024\/06\/Inspecao-de-Imoveis-768x768.png 768w, https:\/\/invest351.com\/wp-content\/uploads\/2024\/06\/Inspecao-de-Imoveis-12x12.png 12w, https:\/\/invest351.com\/wp-content\/uploads\/2024\/06\/Inspecao-de-Imoveis-600x600.png 600w, https:\/\/invest351.com\/wp-content\/uploads\/2024\/06\/Inspecao-de-Imoveis-100x100.png 100w, https:\/\/invest351.com\/wp-content\/uploads\/2024\/06\/Inspecao-de-Imoveis.png 1080w\" sizes=\"(max-width: 300px) 100vw, 300px\" \/><\/div>\n\t\t\t\t\t<div class=\"wc-block-grid__product-title\">Technical Property Inspection<\/div>\n\t\t\t\t<\/a>\n\t\t\t\t<div class=\"wc-block-grid__product-price price\"><\/div>\n\t\t\t\t\n\t\t\t\t<div class=\"wp-block-button wc-block-grid__product-add-to-cart\"><a href=\"https:\/\/invest351.com\/en\/produto\/inspecao-tecnica-de-imoveis\/\" aria-label=\"Read more about \u201cInspe\u00e7\u00e3o T\u00e9cnica de Im\u00f3veis\u201d\" data-quantity=\"1\" data-product_id=\"7156\" data-product_sku=\"003\" data-price=\"0\" rel=\"nofollow\" class=\"wp-block-button__link  add_to_cart_button\" data-no-translation=\"\" data-trp-gettext=\"\" data-no-translation-aria-label=\"\">Read more<\/a><\/div>\n\t\t\t<\/li><li class=\"wc-block-grid__product\">\n\t\t\t\t<a href=\"https:\/\/invest351.com\/en\/produto\/certificacao-energetica\/\" class=\"wc-block-grid__product-link\">\n\t\t\t\t\t\n\t\t\t\t\t<div class=\"wc-block-grid__product-image\"><img decoding=\"async\" width=\"300\" height=\"300\" src=\"https:\/\/invest351.com\/wp-content\/uploads\/2024\/05\/Certificados-Energeticos-300x300.png\" class=\"attachment-woocommerce_thumbnail size-woocommerce_thumbnail\" alt=\"Energy Certificates\" srcset=\"https:\/\/invest351.com\/wp-content\/uploads\/2024\/05\/Certificados-Energeticos-300x300.png 300w, https:\/\/invest351.com\/wp-content\/uploads\/2024\/05\/Certificados-Energeticos-1024x1024.png 1024w, https:\/\/invest351.com\/wp-content\/uploads\/2024\/05\/Certificados-Energeticos-150x150.png 150w, https:\/\/invest351.com\/wp-content\/uploads\/2024\/05\/Certificados-Energeticos-768x768.png 768w, https:\/\/invest351.com\/wp-content\/uploads\/2024\/05\/Certificados-Energeticos-12x12.png 12w, https:\/\/invest351.com\/wp-content\/uploads\/2024\/05\/Certificados-Energeticos-600x600.png 600w, https:\/\/invest351.com\/wp-content\/uploads\/2024\/05\/Certificados-Energeticos-100x100.png 100w, https:\/\/invest351.com\/wp-content\/uploads\/2024\/05\/Certificados-Energeticos.png 1080w\" sizes=\"(max-width: 300px) 100vw, 300px\" \/><\/div>\n\t\t\t\t\t<div class=\"wc-block-grid__product-title\">Energy certification<\/div>\n\t\t\t\t<\/a>\n\t\t\t\t<div class=\"wc-block-grid__product-price price\"><\/div>\n\t\t\t\t\n\t\t\t\t<div class=\"wp-block-button wc-block-grid__product-add-to-cart\"><a href=\"https:\/\/invest351.com\/en\/produto\/certificacao-energetica\/\" aria-label=\"Read more about \u201cCertifica\u00e7\u00e3o Energ\u00e9tica\u201d\" data-quantity=\"1\" data-product_id=\"7153\" data-product_sku=\"002\" data-price=\"0\" rel=\"nofollow\" class=\"wp-block-button__link  add_to_cart_button\" data-no-translation=\"\" data-trp-gettext=\"\" data-no-translation-aria-label=\"\">Read more<\/a><\/div>\n\t\t\t<\/li><li class=\"wc-block-grid__product\">\n\t\t\t\t<a href=\"https:\/\/invest351.com\/en\/produto\/avaliacao-imobiliaria\/\" class=\"wc-block-grid__product-link\">\n\t\t\t\t\t\n\t\t\t\t\t<div class=\"wc-block-grid__product-image\"><img decoding=\"async\" width=\"300\" height=\"300\" src=\"https:\/\/invest351.com\/wp-content\/uploads\/2022\/11\/VALORIZAC\u0327A\u0303O-DE-IMOVE\u0301IS-newETAPA-4-300x300.jpg\" class=\"attachment-woocommerce_thumbnail size-woocommerce_thumbnail\" alt=\"Property valuation\" srcset=\"https:\/\/invest351.com\/wp-content\/uploads\/2022\/11\/VALORIZAC\u0327A\u0303O-DE-IMOVE\u0301IS-newETAPA-4-300x300.jpg 300w, https:\/\/invest351.com\/wp-content\/uploads\/2022\/11\/VALORIZAC\u0327A\u0303O-DE-IMOVE\u0301IS-newETAPA-4-100x100.jpg 100w, https:\/\/invest351.com\/wp-content\/uploads\/2022\/11\/VALORIZAC\u0327A\u0303O-DE-IMOVE\u0301IS-newETAPA-4-600x600.jpg 600w, https:\/\/invest351.com\/wp-content\/uploads\/2022\/11\/VALORIZAC\u0327A\u0303O-DE-IMOVE\u0301IS-newETAPA-4-150x150.jpg 150w, https:\/\/invest351.com\/wp-content\/uploads\/2022\/11\/VALORIZAC\u0327A\u0303O-DE-IMOVE\u0301IS-newETAPA-4-768x768.jpg 768w, https:\/\/invest351.com\/wp-content\/uploads\/2022\/11\/VALORIZAC\u0327A\u0303O-DE-IMOVE\u0301IS-newETAPA-4.jpg 1000w\" sizes=\"(max-width: 300px) 100vw, 300px\" \/><\/div>\n\t\t\t\t\t<div class=\"wc-block-grid__product-title\">Property valuation<\/div>\n\t\t\t\t<\/a>\n\t\t\t\t<div class=\"wc-block-grid__product-price price\"><\/div>\n\t\t\t\t\n\t\t\t\t<div class=\"wp-block-button wc-block-grid__product-add-to-cart\"><a href=\"https:\/\/invest351.com\/en\/produto\/avaliacao-imobiliaria\/\" aria-label=\"Read more about \u201cAvalia\u00e7\u00e3o Imobili\u00e1ria\u201d\" data-quantity=\"1\" data-product_id=\"5612\" data-product_sku=\"001\" data-price=\"0\" rel=\"nofollow\" class=\"wp-block-button__link  add_to_cart_button\" data-no-translation=\"\" data-trp-gettext=\"\" data-no-translation-aria-label=\"\">Read more<\/a><\/div>\n\t\t\t<\/li><\/ul><\/div><\/div>\n<\/div>","protected":false},"excerpt":{"rendered":"","protected":false},"author":2,"featured_media":0,"parent":0,"menu_order":0,"comment_status":"closed","ping_status":"closed","template":"","meta":{"_joinchat":[],"footnotes":""},"class_list":["post-5607","page","type-page","status-publish","hentry"],"yoast_head":"<!-- This site is optimized with the Yoast SEO plugin v27.4 - https:\/\/yoast.com\/product\/yoast-seo-wordpress\/ -->\n<title>Carrinho - Invest 351<\/title>\n<meta name=\"robots\" content=\"index, follow, max-snippet:-1, max-image-preview:large, max-video-preview:-1\" \/>\n<link rel=\"canonical\" href=\"https:\/\/invest351.com\/en\/trolley\/\" \/>\n<meta property=\"og:locale\" content=\"en_GB\" \/>\n<meta property=\"og:type\" content=\"article\" \/>\n<meta property=\"og:title\" content=\"Carrinho - Invest 351\" \/>\n<meta property=\"og:url\" content=\"https:\/\/invest351.com\/en\/trolley\/\" \/>\n<meta property=\"og:site_name\" content=\"Invest 351\" \/>\n<meta name=\"twitter:card\" content=\"summary_large_image\" \/>\n<script type=\"application\/ld+json\" class=\"yoast-schema-graph\">{\"@context\":\"https:\\\/\\\/schema.org\",\"@graph\":[{\"@type\":\"WebPage\",\"@id\":\"https:\\\/\\\/invest351.com\\\/carrinho\\\/\",\"url\":\"https:\\\/\\\/invest351.com\\\/carrinho\\\/\",\"name\":\"Carrinho - Invest 351\",\"isPartOf\":{\"@id\":\"https:\\\/\\\/invest351.com\\\/#website\"},\"datePublished\":\"2024-03-05T21:08:46+00:00\",\"breadcrumb\":{\"@id\":\"https:\\\/\\\/invest351.com\\\/carrinho\\\/#breadcrumb\"},\"inLanguage\":\"en-GB\",\"potentialAction\":[{\"@type\":\"ReadAction\",\"target\":[\"https:\\\/\\\/invest351.com\\\/carrinho\\\/\"]}]},{\"@type\":\"BreadcrumbList\",\"@id\":\"https:\\\/\\\/invest351.com\\\/carrinho\\\/#breadcrumb\",\"itemListElement\":[{\"@type\":\"ListItem\",\"position\":1,\"name\":\"In\u00edcio\",\"item\":\"https:\\\/\\\/invest351.com\\\/\"},{\"@type\":\"ListItem\",\"position\":2,\"name\":\"Carrinho\"}]},{\"@type\":\"WebSite\",\"@id\":\"https:\\\/\\\/invest351.com\\\/#website\",\"url\":\"https:\\\/\\\/invest351.com\\\/\",\"name\":\"Invest 351\",\"description\":\"Consultora especializada em investimento imobili\u00e1rio\",\"publisher\":{\"@id\":\"https:\\\/\\\/invest351.com\\\/#organization\"},\"potentialAction\":[{\"@type\":\"SearchAction\",\"target\":{\"@type\":\"EntryPoint\",\"urlTemplate\":\"https:\\\/\\\/invest351.com\\\/?s={search_term_string}\"},\"query-input\":{\"@type\":\"PropertyValueSpecification\",\"valueRequired\":true,\"valueName\":\"search_term_string\"}}],\"inLanguage\":\"en-GB\"},{\"@type\":\"Organization\",\"@id\":\"https:\\\/\\\/invest351.com\\\/#organization\",\"name\":\"Invest 351\",\"url\":\"https:\\\/\\\/invest351.com\\\/\",\"logo\":{\"@type\":\"ImageObject\",\"inLanguage\":\"en-GB\",\"@id\":\"https:\\\/\\\/invest351.com\\\/#\\\/schema\\\/logo\\\/image\\\/\",\"url\":\"https:\\\/\\\/invest351.com\\\/wp-content\\\/uploads\\\/2023\\\/01\\\/Invest351-black.png\",\"contentUrl\":\"https:\\\/\\\/invest351.com\\\/wp-content\\\/uploads\\\/2023\\\/01\\\/Invest351-black.png\",\"width\":1355,\"height\":265,\"caption\":\"Invest 351\"},\"image\":{\"@id\":\"https:\\\/\\\/invest351.com\\\/#\\\/schema\\\/logo\\\/image\\\/\"}}]}<\/script>\n<!-- \/ Yoast SEO plugin. -->","yoast_head_json":{"title":"Trolley - Invest 351","robots":{"index":"index","follow":"follow","max-snippet":"max-snippet:-1","max-image-preview":"max-image-preview:large","max-video-preview":"max-video-preview:-1"},"canonical":"https:\/\/invest351.com\/en\/trolley\/","og_locale":"en_GB","og_type":"article","og_title":"Carrinho - Invest 351","og_url":"https:\/\/invest351.com\/en\/trolley\/","og_site_name":"Invest 351","twitter_card":"summary_large_image","schema":{"@context":"https:\/\/schema.org","@graph":[{"@type":"WebPage","@id":"https:\/\/invest351.com\/carrinho\/","url":"https:\/\/invest351.com\/carrinho\/","name":"Trolley - Invest 351","isPartOf":{"@id":"https:\/\/invest351.com\/#website"},"datePublished":"2024-03-05T21:08:46+00:00","breadcrumb":{"@id":"https:\/\/invest351.com\/carrinho\/#breadcrumb"},"inLanguage":"en-GB","potentialAction":[{"@type":"ReadAction","target":["https:\/\/invest351.com\/carrinho\/"]}]},{"@type":"BreadcrumbList","@id":"https:\/\/invest351.com\/carrinho\/#breadcrumb","itemListElement":[{"@type":"ListItem","position":1,"name":"In\u00edcio","item":"https:\/\/invest351.com\/"},{"@type":"ListItem","position":2,"name":"Carrinho"}]},{"@type":"WebSite","@id":"https:\/\/invest351.com\/#website","url":"https:\/\/invest351.com\/","name":"Invest 351","description":"Specialist property investment consultant","publisher":{"@id":"https:\/\/invest351.com\/#organization"},"potentialAction":[{"@type":"SearchAction","target":{"@type":"EntryPoint","urlTemplate":"https:\/\/invest351.com\/?s={search_term_string}"},"query-input":{"@type":"PropertyValueSpecification","valueRequired":true,"valueName":"search_term_string"}}],"inLanguage":"en-GB"},{"@type":"Organization","@id":"https:\/\/invest351.com\/#organization","name":"Invest 351","url":"https:\/\/invest351.com\/","logo":{"@type":"ImageObject","inLanguage":"en-GB","@id":"https:\/\/invest351.com\/#\/schema\/logo\/image\/","url":"https:\/\/invest351.com\/wp-content\/uploads\/2023\/01\/Invest351-black.png","contentUrl":"https:\/\/invest351.com\/wp-content\/uploads\/2023\/01\/Invest351-black.png","width":1355,"height":265,"caption":"Invest 351"},"image":{"@id":"https:\/\/invest351.com\/#\/schema\/logo\/image\/"}}]}},"_links":{"self":[{"href":"https:\/\/invest351.com\/en\/wp-json\/wp\/v2\/pages\/5607","targetHints":{"allow":["GET"]}}],"collection":[{"href":"https:\/\/invest351.com\/en\/wp-json\/wp\/v2\/pages"}],"about":[{"href":"https:\/\/invest351.com\/en\/wp-json\/wp\/v2\/types\/page"}],"author":[{"embeddable":true,"href":"https:\/\/invest351.com\/en\/wp-json\/wp\/v2\/users\/2"}],"replies":[{"embeddable":true,"href":"https:\/\/invest351.com\/en\/wp-json\/wp\/v2\/comments?post=5607"}],"version-history":[{"count":0,"href":"https:\/\/invest351.com\/en\/wp-json\/wp\/v2\/pages\/5607\/revisions"}],"wp:attachment":[{"href":"https:\/\/invest351.com\/en\/wp-json\/wp\/v2\/media?parent=5607"}],"curies":[{"name":"wp","href":"https:\/\/api.w.org\/{rel}","templated":true}]}}